{"id":196,"date":"2023-08-05T10:41:30","date_gmt":"2023-08-05T07:41:30","guid":{"rendered":"https:\/\/iicvilnius.esteri.it\/?page_id=196"},"modified":"2025-08-11T12:15:52","modified_gmt":"2025-08-11T09:15:52","slug":"calendario-dei-corsi","status":"publish","type":"page","link":"https:\/\/iicvilnius.esteri.it\/it\/lingua-e-cultura\/i-corsi-di-lingua\/calendario-dei-corsi\/","title":{"rendered":"Calendario dei corsi"},"content":{"rendered":"<div>\n<p><strong><span class=\"titoloPagina\">CORSI DI LINGUA E CULTURA ITALIANA, A.A. 2025\/2026<\/span><\/strong><\/p>\n<p><span class=\"titoloRosso\"><strong>Cor<\/strong><\/span><span class=\"titoloRosso\"><strong>si ordinari<\/strong><br \/>\n<\/span>40 ore accademiche (2 volte alla settimana per 2 ore accademiche)<br \/>\nLe lezioni si svolgono <em>in aula<\/em> o <em>a distanza<\/em> luned\u00ec e mercoled\u00ec oppure marted\u00ec e gioved\u00ec dalle ore 8:00 (<em>solo online<\/em>), 11:00, 16:00 oppure 18:00.<\/p>\n<p>I trimestre (autunno): dal 6 ottobre 2025, termina prima di Natale 2025<br \/>\nII trimestre (inverno): dal 12 gennaio 2026, termina a fine marzo 2026<br \/>\nIII trimestre (primavera): dal 13 aprile 2026, termina a met\u00e0 giugno 2026<\/p>\n<p><strong><span class=\"titoloRosso\">Corsi di fine settimana<\/span><\/strong><br \/>\n40 ore accademiche (1 volta alla settimana per 3 ore accademiche):<br \/>\nLe lezioni si svolgono <em>in aula<\/em> o <em>a distanza<\/em> ogni sabato dalle ore 9:00 e dalle ore 12:00<br \/>\nI corsi <em>a distanza<\/em> si svolgono domenica dalle 18:00<\/p>\n<p>I semestre: dal 20 settembre al 20 dicembre 2025<br \/>\nII semestre: dal 17 gennaio al 18 aprile 2026<\/p>\n<p><strong><span class=\"titoloRosso\">Corsi specialistici\u00a0<\/span><\/strong><br \/>\n20 ore accademiche (1 volta alla settimana per 2 ore accademiche)<br \/>\nI temi e gli orari saranno annunciati all&#8217;inizio di ogni trimestre.<\/p>\n<p>I trimestre: 10 ottobre \u2013 12 dicembre 2025<br \/>\nII trimestre: 16 gennaio \u2013 20 marzo 2026<br \/>\nIII trimestre: 10 aprile &#8211; 19 giugno 2026<\/p>\n<p><strong><span class=\"titoloRosso\">Corsi di preparazione all&#8217;esame CILS <\/span><\/strong><span class=\"titoloRosso\">possono venire organizzati su richiesta dei candidati. <\/span>Il calendario, gli orari e i costi verranno fissati se si former\u00e0 un gruppo.<\/p>\n<p><strong><span class=\"titoloRosso\">Corsi privati<\/span><\/strong><br \/>\nSi potranno organizzare corsi privati, in orario a scelta, per chi voglia studiare da solo.<\/p>\n<p><strong>Corsi intensivi estivi 2026<br \/>\n<\/strong>40 ore accademiche (ogni giorno da luned\u00ec a venerd\u00ec per 2 ore accademiche).<br \/>\nIl calendario dei corsi intensivi verr\u00e0 annunciato in primavera 2026.<\/p>\n<p>&nbsp;<\/p>\n<p><strong>Costi\u00a0 (in euro)<\/strong>:<\/p>\n<table class=\"table\" border=\"1\" cellspacing=\"2\" cellpadding=\"0\">\n<tbody>\n<tr>\n<td><\/td>\n<td>Prezzo\u00a0regolare<\/td>\n<td>Studenti universitari e di scuola<\/td>\n<td>Pensionati<\/td>\n<\/tr>\n<tr>\n<td>Corsi ordinari (40 ore)<\/td>\n<td>230,00\u00a0\u00a0*<\/td>\n<td>190,00 *<\/td>\n<td>180,00\u00a0\u00a0*<\/td>\n<\/tr>\n<tr>\n<td>Corsi intensivi (40 ore)<\/td>\n<td>230,00\u00a0 *<\/td>\n<td>190,00 *<\/td>\n<td>180,00\u00a0 *<\/td>\n<\/tr>\n<tr>\n<td>Corsi di fine settimana (40 ore)<\/td>\n<td>230,00\u00a0 *<\/td>\n<td>190,00 *<\/td>\n<td>180,00\u00a0 *<\/td>\n<\/tr>\n<tr>\n<td>Corsi specialistici (20 ore)<\/td>\n<td>110,00\u00a0 **<\/td>\n<td>90,00 **<\/td>\n<td>85,00\u00a0 **<\/td>\n<\/tr>\n<tr>\n<td>Corso privato (prezzo per 1 ora accademica)<\/td>\n<td>30,00\u00a0 *<\/td>\n<td><\/td>\n<td><\/td>\n<\/tr>\n<\/tbody>\n<\/table>\n<p>* Il materiale didattico (libri di testo) non \u00e8 incluso nel prezzo.<br \/>\n** il prezzo dei corsi comprende anche il materiale didattico.<\/p>\n<p><strong>Sospensione delle lezioni:<br \/>\n<\/strong><br \/>\n6 luglio 2025: Giorno dello Stato lituano<br \/>\n15 agosto 2025: Assunzione<br \/>\n1-2 novembre 2025: Tutti i Santi<br \/>\n24 dicembre 2025 &#8211; 4 gennaio 2026: vacanze di Natale e Capodanno<br \/>\n16 febbraio 2026: Festa dell&#8217;Indipendenza Lituana<br \/>\n11 marzo 2026: Restituzione dell&#8217;Indipendenza Lituana<br \/>\n5-6 aprile 2026: Pasqua<br \/>\n1 maggio 2026: Festa del Lavoro<br \/>\n2 giugno 2026: Festa Nazionale della Repubblica<br \/>\n24 giugno 2026: S. Giovanni<\/p>\n<p><strong>Riduzioni<br \/>\n<\/strong>Il 10% di riduzione sar\u00e0 applicato a tutti quelli che hanno frequentato un corso all\u2019Istituto da settembre 2024.<br \/>\n25% alla seconda e successive iscrizioni di un componente dello stesso nucleo familiare (applicato alle persone che vivono insieme e hanno economia domestica comune). Attenzione: per avere questo sconto, una persona non ha diritto a nessun altro sconto, anche se potesse usufruire dello sconto come studente dell&#8217;Universit\u00e0 o dell&#8217;IIC o sim. Questa persona paga il prezzo totale, e la seconda e le altre ricevono 25% di sconto. Se la persona che ha diritto ad altro sconto (come studente dell&#8217;IIC, ad esempio), ne vuole usufruire, lo sconto del 25% alla seconda e successive iscrizioni dello stesso nucleo familiare non sar\u00e0 applicato; comunque gli altri membri della famiglia potranno usufruire di altri sconti, se soddisfano le condizioni per averli.<br \/>\n25% di riduzione se la persona si iscrive contemporaneamente a pi\u00f9 corsi (valida solo per il secondo corso e per i successivi, viene applicata al corso di minor costo).<br \/>\n5% di riduzione per il corso privato se lo studente acquista pi\u00f9 di 20 ore di lezione, 7% di riduzione per il corso privato se vengono acquistate pi\u00f9 di 40 ore di lezione.<br \/>\nPu\u00f2 essere applicato solo un tipo di riduzione. Le riduzioni non vengono applicate ai prezzi per studenti e pensionati.<\/p>\n<p><strong>Rimborsi<\/strong><br \/>\nLa tassa dei corsi versata dall&#8217;utente pu\u00f2 essere restituta solo nei casi in cui non si forma un gruppo dei corsi oppure se l&#8217;utente rinuncia ai corsi prima dell&#8217;inizio delle lezioni. Se l&#8217;Utente rinuncia al corso a lezioni iniziate, la tassa non viene restituita, tranne i casi previsti nel Regolamento.<\/p>\n<p>N.B. L\u2019inserimento nel corso prescelto avver\u00e0 solo al ricevimento del pagamento della quota d\u2019iscrizione che dovr\u00e0 venire effettuato esclusivamente con bonifico bancario (SEB bankas, n. LT34 7044 0600 0138 7750). <strong>Prima di versare la quota, aspettate la conferma di ricezione della vostra scheda e della formazione del gruppo da parte della Segreteria<\/strong>.<\/p>\n<p>Ciascun corso ha inizio soltanto al conto di almeno 7 iscritti.<\/p>\n<p>Il costo dei manuali in adozione, secondo il livello dei corsi, \u00e8 15,00-18,00 Euro. I libri potranno essere acquistati in Segreteria.<\/p>\n<p>Per le iscrizioni consultate la pagina &#8220;<a href=\"https:\/\/iicvilnius.esteri.it\/it\/lingua-e-cultura\/i-corsi-di-lingua\/come-e-quando-iscriversi\/\">Come e quando iscriversi<\/a>&#8221;<\/p>\n<p>Se avete studiato l&#8217;italiano presso altre istituzioni, prima di compilare la scheda, contattate la Segreteria dei Corsi <a href=\"mailto:corsilingua.iicvilnius@esteri.it\">corsilingua.iicvilnius@esteri.it<\/a> per il test d&#8217;ingresso.<\/p>\n<\/div>\n","protected":false},"excerpt":{"rendered":"CORSI DI LINGUA E CULTURA ITALIANA, A.A. 2025\/2026 Corsi ordinari 40 ore accademiche (2 volte alla settimana per 2 ore accademiche) Le lezioni si svolgono in aula o a distanza luned\u00ec e mercoled\u00ec oppure marted\u00ec e gioved\u00ec dalle ore 8:00 (solo online), 11:00, 16:00 oppure 18:00. I trimestre (autunno): dal 6 ottobre 2025, termina prima [&hellip;]","protected":false},"author":3,"featured_media":0,"parent":42,"menu_order":1,"comment_status":"closed","ping_status":"closed","template":"","meta":{"footnotes":""},"class_list":["post-196","page","type-page","status-publish","hentry"],"_links":{"self":[{"href":"https:\/\/iicvilnius.esteri.it\/it\/wp-json\/wp\/v2\/pages\/196","targetHints":{"allow":["GET"]}}],"collection":[{"href":"https:\/\/iicvilnius.esteri.it\/it\/wp-json\/wp\/v2\/pages"}],"about":[{"href":"https:\/\/iicvilnius.esteri.it\/it\/wp-json\/wp\/v2\/types\/page"}],"author":[{"embeddable":true,"href":"https:\/\/iicvilnius.esteri.it\/it\/wp-json\/wp\/v2\/users\/3"}],"replies":[{"embeddable":true,"href":"https:\/\/iicvilnius.esteri.it\/it\/wp-json\/wp\/v2\/comments?post=196"}],"version-history":[{"count":6,"href":"https:\/\/iicvilnius.esteri.it\/it\/wp-json\/wp\/v2\/pages\/196\/revisions"}],"predecessor-version":[{"id":2335,"href":"https:\/\/iicvilnius.esteri.it\/it\/wp-json\/wp\/v2\/pages\/196\/revisions\/2335"}],"up":[{"embeddable":true,"href":"https:\/\/iicvilnius.esteri.it\/it\/wp-json\/wp\/v2\/pages\/42"}],"wp:attachment":[{"href":"https:\/\/iicvilnius.esteri.it\/it\/wp-json\/wp\/v2\/media?parent=196"}],"curies":[{"name":"wp","href":"https:\/\/api.w.org\/{rel}","templated":true}]}}