{"id":46,"date":"2023-04-03T20:56:47","date_gmt":"2023-04-03T18:56:47","guid":{"rendered":"https:\/\/istitutobuenosaires.esteri.it\/?page_id=46"},"modified":"2026-03-31T16:06:18","modified_gmt":"2026-03-31T13:06:18","slug":"biblioteca","status":"publish","type":"page","link":"https:\/\/iicvilnius.esteri.it\/it\/lingua-e-cultura\/biblioteca\/","title":{"rendered":"Biblioteca"},"content":{"rendered":"<h3 style=\"text-align: center;\"><strong>BIBLIOTECA DELL&#8217;ISTITUTO ITALIANO DI CULTURA DI VILNIUS<\/strong><\/h3>\n<p>La biblioteca dell&#8217;Istituto conta oltre 5.000 volumi, tra dizionari, grammatiche, album d&#8217;arte, libri storici, di letteratura classica e moderna, sia italiana che straniera in lingua italiana. Dal novembre 2025 la biblioteca fisica \u00e8 integrata con il servizio di prestito di libri digitali sulla piattaforma <em>MLOL \u2013 Media Library OnLine<\/em>, in cui si possono trovare pi\u00f9 di 5 milioni di risorse gratuite e circa 370.000 volumi per il prestito.<\/p>\n<p>Per poter usufruire dei servizi di prestito, sia per i volumi cartacei che per le risorse digitali, \u00e8 necessario possedere la tessera dell&#8217;Istituto. Il costo dell&#8217;abbonamento annuale \u00e8 di 25\u20ac (20\u20ac per gli studenti dei corsi di lingua dell\u2019IIC). La tessera comporta anche l\u2019iscrizione alla lista di recapito, tramite la quale si ricevono via posta elettronica tutte le notizie riguardanti le manifestazioni culturali organizzate dall\u2019Istituto.<\/p>\n<p>Per iscriversi ai servizi della Biblioteca, sia fisica che digitale, bisogna scaricare <a href=\"https:\/\/iicvilnius.esteri.it\/wp-content\/uploads\/2025\/11\/Scheda-discrizione-2025.pdf\">la scheda d&#8217;iscrizione<\/a> e inviarla compilata, datata e firmata in entrambe le pagine all&#8217;indirizzo <a href=\"mailto:biblioteca.iicvilnius@esteri.it\">biblioteca.iicvilnius@esteri.it<\/a>, allegando la copia del documento d&#8217;identit\u00e0. Si riceveranno via posta elettronica le istruzioni per il pagamento della tassa di abbonamento. Dopo aver effettuato il pagamento, si ricever\u00e0 una mail di conferma con il link e le credenziali di accesso a MLOL. In alternativa, \u00e8 possibile recarsi presso la Segreteria dell&#8217;Istituto ed effettuare l\u2018iscrizione di persona.<\/p>\n<h4><strong>REGOLAMENTO BIBLIOTECA FISICA<\/strong><\/h4>\n<p>La Biblioteca \u00e8 aperta al pubblico dal luned\u00ec al venerd\u00ec, con orario 10:30 &#8211; 13:00 e 14:00 -17:00. Per accedere alle sale di consultazione \u00e8 necessario passare attraverso la Segreteria dell\u2019Istituto.<\/p>\n<p>Gli utenti possono consultare il <a href=\"https:\/\/iic.infoteca.it\/vilnius\/ricerca\">catalogo generale online<\/a> e possono prenotare i volumi desiderati inviando una richiesta all&#8217;indirizzo e-mail <a href=\"mailto:biblioteca.iicvilnius@esteri.it\">biblioteca.iicvilnius@esteri.it<\/a> (indicando titolo e autore). Per gli utenti che non leggono ancora in italiano, \u00e8 disponibile anche una lista di testi tradotti in lituano. Potete consultare qui l\u2019elenco dei<a href=\"https:\/\/iicvilnius.esteri.it\/wp-content\/uploads\/2025\/11\/Libri-in-lituano-2025.pdf\"> libri in lingua lituana<\/a>.<\/p>\n<p>\u00c8 possibile prendere in prestito un massimo di tre volumi per non pi\u00f9 di tre settimane. \u00c8 possibile richiedere un&#8217;estensione del prestito per ulteriori tre settimane, inviando una richiesta tramite e-mail. L&#8217;Istituto applica una sanzione di 1 euro (a libro) per ogni giorno di ritardo nella restituzione. Se il ritardo supera i dieci giorni, l&#8217;utente non potr\u00e0 pi\u00f9 effettuare prestiti per i sei mesi successivi all\u2019avvenuta consegna. Nel caso l\u2019articolo venga riconsegnato deteriorato, oltre quanto accettato come normale usura, il socio sar\u00e0 tenuto a risarcire ogni eventuale danno. Si specifica che sono esclusi dal prestito libri d\u2019arte, dizionari, lessici, enciclopedie e tutti i libri che fanno parte di opere in pi\u00f9 volumi, che potranno essere consultati esclusivamente presso l\u2018Istituto.<\/p>\n<p><strong><span style=\"color: #ff0000;\">!! Si informa che a partire dal 1 aprile al 1 maggio 2026 la biblioteca dell&#8217;Istituto Italiano di Cultura sar\u00e0 chiusa per lavori di ristrutturazione e manutenzione. In questo periodo si potranno solamente restituire i libri presi in prestito. Invitiamo i nostri utenti ad utilizzare in questo periodo la biblioteca digitale sulla piattaforma MLOL.\u00a0<\/span><\/strong><\/p>\n<h4><strong>MLOL \u2013 MEDIA LIBRARY ONLINE<\/strong><\/h4>\n<p>La piattaforma digitale per il prestito <strong>Media Library Online<\/strong> permette l\u2019accesso ad una selezione di e-books delle maggiori case editrici italiane. E\u2018 la pi\u00f9 grande collezione di contenuti aperti di tutte le biblioteche italiane, consentendo agli utenti di collegarsi alla prima rete di biblioteche pubbliche, scolastiche e universitarie d\u2019Italia. Al momento, questa rete include pi\u00f9 di 7.000 biblioteche italiane e 12 straniere<strong>. <\/strong>\u00c8 possibile consultare la collezione digitale gratuitamente: e-books, musica, banche dati, corsi online (e-learning), immagini di archivio e molto altro. Il sistema permette di prendere in prestito 2 e-books al mese. Ogni prestito ha la durata di 14 giorni, al termine dei quali il prestito scadr\u00e0 automaticamente.<\/p>\n<p><strong><u>Come scaricare un libro:<\/u><\/strong><\/p>\n<ol>\n<li>Apri il sito <a href=\"https:\/\/iicvilnius.medialibrary.it\/home\/index.aspx\"><strong>Media Library Online<\/strong><\/a>\u00a0dal tuo browser<\/li>\n<li>Seleziona \u201cIIC di Vilnius\u201d e fai il log in con le tue credenziali<\/li>\n<li>Cerca il libro desiderato con \u201cCerca una risorsa\u201d o usa il catalogo<\/li>\n<li>Seleziona il libro che hai scelto<\/li>\n<li>Clicca su \u201cScarica\u201d se \u00e8 una <em>Risorsa open<\/em>, oppure \u201cPrendi in prestito\u201c, se \u00e8 un e-book dal catalogo <em>MLOL<\/em><\/li>\n<li>Per alcuni libri pu\u00f2 essere necessario scaricare il <strong><a href=\"https:\/\/www.medialibrary.it\/pagine\/pagina.aspx?id=881\">MLOL Ebook Reader<\/a> <\/strong><\/li>\n<li>Troverai la guida generale su come utilizzare il portale <a href=\"https:\/\/www.medialibrary.it\/pagine\/pagina.aspx?id=882\"><strong>QUI.<\/strong><\/a><\/li>\n<\/ol>\n<p><strong><u>Nota bene<\/u><\/strong>: Il servizio MLOL \u00e8 attivo fino al 30 novembre 2026, e sar\u00e0 rinnovato dopo tale data.<\/p>\n","protected":false},"excerpt":{"rendered":"BIBLIOTECA DELL&#8217;ISTITUTO ITALIANO DI CULTURA DI VILNIUS La biblioteca dell&#8217;Istituto conta oltre 5.000 volumi, tra dizionari, grammatiche, album d&#8217;arte, libri storici, di letteratura classica e moderna, sia italiana che straniera in lingua italiana. Dal novembre 2025 la biblioteca fisica \u00e8 integrata con il servizio di prestito di libri digitali sulla piattaforma MLOL \u2013 Media Library [&hellip;]","protected":false},"author":1,"featured_media":0,"parent":16,"menu_order":10,"comment_status":"closed","ping_status":"closed","template":"","meta":{"footnotes":""},"class_list":["post-46","page","type-page","status-publish","hentry"],"_links":{"self":[{"href":"https:\/\/iicvilnius.esteri.it\/it\/wp-json\/wp\/v2\/pages\/46","targetHints":{"allow":["GET"]}}],"collection":[{"href":"https:\/\/iicvilnius.esteri.it\/it\/wp-json\/wp\/v2\/pages"}],"about":[{"href":"https:\/\/iicvilnius.esteri.it\/it\/wp-json\/wp\/v2\/types\/page"}],"author":[{"embeddable":true,"href":"https:\/\/iicvilnius.esteri.it\/it\/wp-json\/wp\/v2\/users\/1"}],"replies":[{"embeddable":true,"href":"https:\/\/iicvilnius.esteri.it\/it\/wp-json\/wp\/v2\/comments?post=46"}],"version-history":[{"count":6,"href":"https:\/\/iicvilnius.esteri.it\/it\/wp-json\/wp\/v2\/pages\/46\/revisions"}],"predecessor-version":[{"id":2981,"href":"https:\/\/iicvilnius.esteri.it\/it\/wp-json\/wp\/v2\/pages\/46\/revisions\/2981"}],"up":[{"embeddable":true,"href":"https:\/\/iicvilnius.esteri.it\/it\/wp-json\/wp\/v2\/pages\/16"}],"wp:attachment":[{"href":"https:\/\/iicvilnius.esteri.it\/it\/wp-json\/wp\/v2\/media?parent=46"}],"curies":[{"name":"wp","href":"https:\/\/api.w.org\/{rel}","templated":true}]}}