{"id":100,"date":"2023-04-03T20:56:47","date_gmt":"2023-04-03T17:56:47","guid":{"rendered":"https:\/\/iicvilnius.esteri.it\/lingua-e-cultura\/biblioteca\/"},"modified":"2026-03-31T16:08:07","modified_gmt":"2026-03-31T13:08:07","slug":"biblioteca","status":"publish","type":"page","link":"https:\/\/iicvilnius.esteri.it\/lt\/lingua-e-cultura\/biblioteca\/","title":{"rendered":"Biblioteka"},"content":{"rendered":"<h3 style=\"text-align: center;\"><strong>ITAL\u0172 KULT\u016aROS INSTITUTO BIBLIOTEKA<\/strong><\/h3>\n<p>Instituto bibliotekoje \u2013 daugiau kaip 5000 knyg\u0173: \u017eodyn\u0173, gramatik\u0173, meno album\u0173, istorini\u0173 knyg\u0173, klasikin\u0117s ir \u0161iuolaikin\u0117s ital\u0173 ir u\u017esienio literat\u016bros. Nuo 2025 m. lapkri\u010dio fizin\u0119 bibliotek\u0105 papild\u0117 elektronini\u0173 knyg\u0173 skolinimosi paslauga <em>MLOL \u2013 Media Library OnLine <\/em>platformoje, kur galima rasti daugiau kaip 5 milijonus atvir\u0173 dokument\u0173 ir apie 370 000 knyg\u0173 skolinimuisi.<\/p>\n<p>Kad gal\u0117tum\u0117te pasinaudoti tiek popierini\u0173, tiek elektronini\u0173 knyg\u0173 skolinimosi paslauga, turite \u012fsigyti Instituto kortel\u0119. Metinio abonemento kaina &#8211; 25\u20ac (20\u20ac Instituto ital\u0173 kalbos kurs\u0173 dalyviams). Be to, Kortel\u0117s tur\u0117tojai elektroniniu pa\u0161tu gauna naujienas apie visus Instituto organizuojamus kult\u016brinius renginius.<\/p>\n<p>Nor\u0117dami u\u017esiregistruoti \u012f bibliotek\u0105 \u2013 kaip fizin\u0119, taip ir elektronin\u0119 \u2013 atsisi\u0173kite \u017eemiau esan\u010di\u0105 registracijos anket\u0105 (Scheda d&#8217;Iscrizione), u\u017epildykite j\u0105, \u012fra\u0161ykite dat\u0105, pasira\u0161ykite abiejuose puslapiuose, ir, prid\u0117j\u0119 asmens dokumento kopij\u0105, atsi\u0173skite adresu <a href=\"mailto:biblioteca.iicvilnius@esteri.it\">biblioteca.iicvilnius@esteri.it<\/a>. Elektroniniu pa\u0161tu gausite nurodymus, kaip sumok\u0117ti abonementin\u012f mokest\u012f. Atlik\u0119 mok\u0117jim\u0105, gausite patvirtinimo lai\u0161k\u0105 su nuoroda ir prisijungimo prie MLOL duomenimis. Taip pat galite ateiti pas mus \u012f Administracij\u0105 ir u\u017esiregistruoti asmeni\u0161kai.<\/p>\n<h4><strong>FIZIN\u0116S BIBLIOTEKOS TAISYKL\u0116S<\/strong><\/h4>\n<p>Bibliotekos darbo laikas: nuo pirmadienio iki penktadienio 10.30 \u2013 13.00, 14.00 -17.00 val. \u012e bibliotek\u0105 pateksite per Instituto administracij\u0105.<\/p>\n<p>Skaitytojai gali naudotis <a href=\"https:\/\/iic.infoteca.it\/vilnius\/ricerca\">online katalogu<\/a> ir u\u017esisakyti norim\u0105 knyg\u0105, atsi\u0173sdami pra\u0161ym\u0105 su knygos pavadinimu ir autoriumi adresu <a href=\"mailto:biblioteca.iicvilnius@esteri.it\">biblioteca.iicvilnius@esteri.it<\/a> . Skaitytojams, kurie dar neskaito itali\u0161kai, galime pasi\u016blyti itali\u0161k\u0173 knyg\u0173 vertimus \u012f lietuvi\u0173 kalb\u0105. J\u0173 s\u0105ra\u0161\u0105 galite rasti <a href=\"https:\/\/iicvilnius.esteri.it\/wp-content\/uploads\/2025\/11\/Libri-in-lituano-2025.pdf\">\u010cIA.<\/a><\/p>\n<p>Galima pasiskolinti daugiausiai tris knygas ne ilgesniam nei trij\u0173 savai\u010di\u0173 laikotarpiui. Skolinimosi termin\u0105 galima prat\u0119sti dar trims savait\u0117ms, atsiun\u010diant pra\u0161ym\u0105 el.pa\u0161tu. V\u0117luojant gr\u0105\u017einti, Institutas taiko 1 eur baud\u0105 u\u017e 1 knyg\u0105 u\u017e 1 dien\u0105. Jeigu v\u0117luojama knygas gr\u0105\u017einti ilgiau nei de\u0161imt dien\u0173, skaitytojas nebegal\u0117s pasiskolinti kit\u0173 knyg\u0173 \u0161e\u0161is m\u0117nesius po sugr\u0105\u017einimo. Jeigu knyga gr\u0105\u017einama sugadinta, atsi\u017evelgiant \u012f normal\u0173 susid\u0117v\u0117jim\u0105, skaitytojas prival\u0117s atlyginti \u017eal\u0105. Svarbu: \u012f namus neskoliname meno album\u0173, \u017eodyn\u0173, enciklopedij\u0173 ir daugiatomi\u0173 knyg\u0173, jas skaityti galima tik Institute.<\/p>\n<p><strong><span style=\"color: #ff0000;\">!! Prane\u0161ame, kad nuo 2026 m. baland\u017eio 1 d. iki gegu\u017e\u0117s 1 d. Ital\u0173 kult\u016bros instituto biblioteka bus u\u017edaryta remontui. \u0160iuo laikotarpiu bus galima knygas tik gr\u0105\u017einti. Kvie\u010diame skaitytojus naudotis elektronine skolinimosi platforma MLOL.\u00a0<\/span><\/strong><\/p>\n<h4><strong>MLOL \u2013 MEDIA LIBRARY ONLINE<\/strong><\/h4>\n<p>Elektronin\u0117 skolinimosi platforma <strong>Media Library Online<\/strong> talpina elektronines svarbiausi\u0173 Italijos leidykl\u0173 knygas. Tai did\u017eiausia Italijos bibliotek\u0173 atviro turinio kolekcija, leid\u017eianti vartotojams prisijungti prie pirmojo Italijos vie\u0161\u0173j\u0173, mokykl\u0173 ir universitet\u0173 bibliotek\u0173 tinklo. \u0160iuo metu \u0161is tinklas jungia daugiau kaip 7000 Italijos ir 12 u\u017esienio bibliotek\u0173. Joje galima nemokamai naudotis visa skaitmenine kolekcija: el. knygomis, muzika, duomen\u0173 bankais, nuotoliniais kursais (e-learning), archyviniais vaizdais ir kt. Sistema leid\u017eia pasiskolinti iki dviej\u0173 el. knyg\u0173 per m\u0117nes\u012f. Vieno pasiskolinimo trunkm\u0117 &#8211; 14 dien\u0173, po kuri\u0173 knyga automati\u0161kai u\u017esiblokuoja.<\/p>\n<p><strong><u>Kaip atsisi\u0173sti knyg\u0105:<\/u><\/strong><\/p>\n<ol>\n<li>Atidarykite <a href=\"https:\/\/iicvilnius.medialibrary.it\/home\/index.aspx\"><strong>Media Library Online<\/strong><\/a> svetain\u0119 per savo nar\u0161ykl\u0119<\/li>\n<li>Pasirinkite \u201eIIC di Vilnius\u201c ir prisijunkite su savo duomenimis<\/li>\n<li>Susiraskite norim\u0105 knyg\u0105 laukelyje \u201eCerca una risorsa\u201c arba pasinaudokite katalogu<\/li>\n<li>Spauskite ant pasirinktos knygos<\/li>\n<li>Spauskite \u201eScarica\u201c, jei tai <em>Risorsa open<\/em>, arba \u201ePrendi in prestito\u201c, jei tai el. knyga i\u0161 <em>MLOL<\/em> s\u0105ra\u0161o<\/li>\n<li>Kai kurioms knygoms skaityti gali prireikti <a href=\"https:\/\/www.medialibrary.it\/pagine\/pagina.aspx?id=881\"><strong>MLOL Ebook Reader <\/strong><\/a>program\u0117l\u0117s<\/li>\n<li>Bendr\u0105 vadov\u0105, kaip naudotis platforma, rasite <a href=\"https:\/\/www.medialibrary.it\/pagine\/pagina.aspx?id=882\">\u010cIA<\/a><\/li>\n<\/ol>\n<p><strong><u>\u00a0<\/u><\/strong><\/p>\n<p><strong><u>Pastaba<\/u><\/strong>: MLOL paslauga veiks iki 2026 m. lapkri\u010dio 30 d., po to gal\u0117s b\u016bti atnaujinta.<\/p>\n","protected":false},"excerpt":{"rendered":"ITAL\u0172 KULT\u016aROS INSTITUTO BIBLIOTEKA Instituto bibliotekoje \u2013 daugiau kaip 5000 knyg\u0173: \u017eodyn\u0173, gramatik\u0173, meno album\u0173, istorini\u0173 knyg\u0173, klasikin\u0117s ir \u0161iuolaikin\u0117s ital\u0173 ir u\u017esienio literat\u016bros. Nuo 2025 m. lapkri\u010dio fizin\u0119 bibliotek\u0105 papild\u0117 elektronini\u0173 knyg\u0173 skolinimosi paslauga MLOL \u2013 Media Library OnLine platformoje, kur galima rasti daugiau kaip 5 milijonus atvir\u0173 dokument\u0173 ir apie 370 000 knyg\u0173 [&hellip;]","protected":false},"author":1,"featured_media":0,"parent":93,"menu_order":10,"comment_status":"closed","ping_status":"closed","template":"","meta":{"footnotes":""},"class_list":["post-100","page","type-page","status-publish","hentry"],"_links":{"self":[{"href":"https:\/\/iicvilnius.esteri.it\/lt\/wp-json\/wp\/v2\/pages\/100","targetHints":{"allow":["GET"]}}],"collection":[{"href":"https:\/\/iicvilnius.esteri.it\/lt\/wp-json\/wp\/v2\/pages"}],"about":[{"href":"https:\/\/iicvilnius.esteri.it\/lt\/wp-json\/wp\/v2\/types\/page"}],"author":[{"embeddable":true,"href":"https:\/\/iicvilnius.esteri.it\/lt\/wp-json\/wp\/v2\/users\/1"}],"replies":[{"embeddable":true,"href":"https:\/\/iicvilnius.esteri.it\/lt\/wp-json\/wp\/v2\/comments?post=100"}],"version-history":[{"count":6,"href":"https:\/\/iicvilnius.esteri.it\/lt\/wp-json\/wp\/v2\/pages\/100\/revisions"}],"predecessor-version":[{"id":2982,"href":"https:\/\/iicvilnius.esteri.it\/lt\/wp-json\/wp\/v2\/pages\/100\/revisions\/2982"}],"up":[{"embeddable":true,"href":"https:\/\/iicvilnius.esteri.it\/lt\/wp-json\/wp\/v2\/pages\/93"}],"wp:attachment":[{"href":"https:\/\/iicvilnius.esteri.it\/lt\/wp-json\/wp\/v2\/media?parent=100"}],"curies":[{"name":"wp","href":"https:\/\/api.w.org\/{rel}","templated":true}]}}