{"id":101,"date":"2023-04-03T20:57:00","date_gmt":"2023-04-03T17:57:00","guid":{"rendered":"https:\/\/iicvilnius.esteri.it\/lingua-e-cultura\/premi-alla-traduzione\/"},"modified":"2026-02-24T12:30:29","modified_gmt":"2026-02-24T10:30:29","slug":"premi-alla-traduzione","status":"publish","type":"page","link":"https:\/\/iicvilnius.esteri.it\/lt\/lingua-e-cultura\/premi-alla-traduzione\/","title":{"rendered":"Vertim\u0173 r\u0117mimas"},"content":{"rendered":"<p><strong>Parama ital\u0173 gro\u017ein\u0117s ir mokslin\u0117s literat\u016bros vertimams 2026 m.<br \/>\n<\/strong><\/p>\n<p>Siekdama populiarinti ital\u0173 literat\u016br\u0105, Italijos U\u017esienio reikal\u0173 ir tarptautinio bendradarbiavimo ministerija skiria premijas bei param\u0105 ital\u0173 gro\u017ein\u0117s ir mokslin\u0117s literat\u016bros vertimams, o taip pat masin\u0117ms informavimo priemon\u0117ms skirt\u0173 trumpametra\u017eini\u0173, pilno metra\u017eo film\u0173 ir televizijos serial\u0173 dubliavimui ir subtitravimui. <strong>2026<\/strong>\u00a0<strong>m.<\/strong> parai\u0161k\u0173 teikimo terminas &#8211; <strong>kovo 31 d.<\/strong> Kaip paruo\u0161ti parai\u0161kas, skaitykite <a href=\"https:\/\/iicvilnius.esteri.it\/wp-content\/uploads\/2026\/02\/Parama-italu-autoriu-vertimams-2026.pdf\">\u010cIA<\/a>, pildoma parai\u0161kos forma <a href=\"https:\/\/iicvilnius.esteri.it\/wp-content\/uploads\/2026\/02\/Modulo-di-domanda.docx\">\u010cIA<\/a><\/p>\n","protected":false},"excerpt":{"rendered":"Parama ital\u0173 gro\u017ein\u0117s ir mokslin\u0117s literat\u016bros vertimams 2026 m. Siekdama populiarinti ital\u0173 literat\u016br\u0105, Italijos U\u017esienio reikal\u0173 ir tarptautinio bendradarbiavimo ministerija skiria premijas bei param\u0105 ital\u0173 gro\u017ein\u0117s ir mokslin\u0117s literat\u016bros vertimams, o taip pat masin\u0117ms informavimo priemon\u0117ms skirt\u0173 trumpametra\u017eini\u0173, pilno metra\u017eo film\u0173 ir televizijos serial\u0173 dubliavimui ir subtitravimui. 2026\u00a0m. parai\u0161k\u0173 teikimo terminas &#8211; kovo 31 d. [&hellip;]","protected":false},"author":1,"featured_media":0,"parent":93,"menu_order":12,"comment_status":"closed","ping_status":"closed","template":"","meta":{"footnotes":""},"class_list":["post-101","page","type-page","status-publish","hentry"],"_links":{"self":[{"href":"https:\/\/iicvilnius.esteri.it\/lt\/wp-json\/wp\/v2\/pages\/101","targetHints":{"allow":["GET"]}}],"collection":[{"href":"https:\/\/iicvilnius.esteri.it\/lt\/wp-json\/wp\/v2\/pages"}],"about":[{"href":"https:\/\/iicvilnius.esteri.it\/lt\/wp-json\/wp\/v2\/types\/page"}],"author":[{"embeddable":true,"href":"https:\/\/iicvilnius.esteri.it\/lt\/wp-json\/wp\/v2\/users\/1"}],"replies":[{"embeddable":true,"href":"https:\/\/iicvilnius.esteri.it\/lt\/wp-json\/wp\/v2\/comments?post=101"}],"version-history":[{"count":8,"href":"https:\/\/iicvilnius.esteri.it\/lt\/wp-json\/wp\/v2\/pages\/101\/revisions"}],"predecessor-version":[{"id":2917,"href":"https:\/\/iicvilnius.esteri.it\/lt\/wp-json\/wp\/v2\/pages\/101\/revisions\/2917"}],"up":[{"embeddable":true,"href":"https:\/\/iicvilnius.esteri.it\/lt\/wp-json\/wp\/v2\/pages\/93"}],"wp:attachment":[{"href":"https:\/\/iicvilnius.esteri.it\/lt\/wp-json\/wp\/v2\/media?parent=101"}],"curies":[{"name":"wp","href":"https:\/\/api.w.org\/{rel}","templated":true}]}}