{"id":1584,"date":"2024-08-02T10:58:12","date_gmt":"2024-08-02T07:58:12","guid":{"rendered":"https:\/\/iicvilnius.esteri.it\/?page_id=1584"},"modified":"2024-08-02T11:03:49","modified_gmt":"2024-08-02T08:03:49","slug":"1584-2","status":"publish","type":"page","link":"https:\/\/iicvilnius.esteri.it\/lt\/lingua-e-cultura\/i-corsi-di-lingua\/1584-2\/","title":{"rendered":"Taisykl\u0117s"},"content":{"rendered":"<p><strong>ITAL\u0172 KALBOS KURS\u0172 ORGANIZAVIMO TAISYKL\u0116S (santrauka)<\/strong><\/p>\n<ol>\n<li><strong>Registracija \u012f kursus<\/strong><\/li>\n<\/ol>\n<p>Registracija \u012f pasirinkt\u0105 kurs\u0105 atliekama u\u017epildant anket\u0105 Svetain\u0117je ir paspaudus mygtuk\u0105 \u201e<em>Submit<\/em>\u201c. Jei nepavyksta u\u017epildyti anketos Svetain\u0117je, j\u0105 reikia atsisi\u0173sti, u\u017epildyti ir atsi\u0173sti el. pa\u0161tu <a href=\"mailto:corsilingua.iicvilnius@esteri.it\">corsilingua.iicvilnius@esteri.it<\/a>. Pildant anket\u0105, reikia pateikti teising\u0105 ir i\u0161sami\u0105 savo informacij\u0105. U\u017epildydamas anket\u0105, asmuo patvirtina, kad susipa\u017eino su Taisykl\u0117mis ir \u012fsipareigoja j\u0173 laikytis.<\/p>\n<p>Asmuo gali registruotis tik \u012f jo kalbos mok\u0117jimo lyg\u012f atitinkan\u010dius kursus. \u012e auk\u0161tesnius nei A0 lygio kursus galima registruotis, tik u\u017ebaigus \u017eemesnio lygio kursus Institute arba i\u0161laikius lygio nustatymo test\u0105.<\/p>\n<p>Registracija \u012f pasirinkt\u0105 kurs\u0105 \u012fsigalioja tik sumok\u0117jus kurs\u0173 mokest\u012f. Ta\u010diau prie\u0161 pervesdamas kurs\u0173 mokest\u012f, asmuo privalo sulaukti Instituto patvirtinimo, kad jo anketa yra gauta ir kurs\u0173 grup\u0117 yra suformuota.<\/p>\n<p>Registracij\u0105 galima at\u0161aukti para\u0161ius Institutui prane\u0161im\u0105 el. pa\u0161tu <a href=\"mailto:corsilingua.iicvilnius@esteri.it\">corsilingua.iicvilnius@esteri.it<\/a> iki numatytos kurs\u0173 prad\u017eios (pirmojo u\u017esi\u0117mimo).<\/p>\n<ol start=\"2\">\n<li><strong>Kurs\u0173 organizavimas<\/strong><\/li>\n<\/ol>\n<p>Bendra informacija apie kursus (r\u016b\u0161ys, kalendorius, lygiai, metodika, kainos, prad\u017eios ir pabaigos datos, vykdymo b\u016bdas ir kita), yra skelbiama <a href=\"https:\/\/iicvilnius.esteri.it\/lt\/lingua-e-cultura\/i-corsi-di-lingua\/\">Svetain\u0117je<\/a>, \u00a0o smulki informacija apie konkret\u0173 kurs\u0105, \u012f kur\u012f u\u017esiregistravo asmuo, jam pateikiama el. pa\u0161tu prie\u0161 prasidedant u\u017esi\u0117mimams.<\/p>\n<p>Kursai vykdomi, kai susirenka minimali kurs\u0173 dalyvi\u0173 grup\u0117.<\/p>\n<p>Jei d\u0117l nenumatyt\u0173 aplinkybi\u0173 kursai, kurie turi vykti fizi\u0161kai klas\u0117se, negal\u0117s b\u016bti taip vykdomi, tokie kursai bus vykdomi nuotoliniu b\u016bdu.<\/p>\n<p>Institutas turi teis\u0119 keisti kurs\u0173 viet\u0105, prisijungimo duomenis ir b\u016bd\u0105, kurs\u0173 laik\u0105 (nekeisdamas mokym\u0173 trukm\u0117s), lektori\u0173, ir tai nebus laikoma Instituto \u012fsipareigojim\u0173 pa\u017eeidimu.<\/p>\n<p>Prisijungimo prie nuotolini\u0173 kurs\u0173 duomenis gali naudoti tik kurs\u0173 dalyvis, kuriam jie pateikti. Prisijungimo duomenys negali b\u016bti atskleisti tretiesiems asmenims.<\/p>\n<ol start=\"3\">\n<li><strong>Nedalyvavimas u\u017esi\u0117mimuose<\/strong><\/li>\n<\/ol>\n<p>Kurs\u0173 dalyvio ne d\u0117l Instituto kalt\u0117s praleisti kurs\u0173 u\u017esi\u0117mimai n\u0117ra perkeliami ar kitaip kompensuojami, o mokest\u012f u\u017e juos kurs\u0173 dalyvis privalo sumok\u0117ti bendra tvarka (sumok\u0117tas kurs\u0173 mokestis n\u0117ra gr\u0105\u017einamas).<\/p>\n<p>Jei kurs\u0173 dalyvis daugiau kaip 50 proc. kurs\u0173 u\u017esi\u0117mim\u0173 negali lankyti d\u0117l ligos, su Institutu jis gali susitarti d\u0117l kurs\u0173 perk\u0117limo. Jei kurs\u0173 dalyvis nesutinka su Instituto pasi\u016blytomis kurs\u0173 perk\u0117limo s\u0105lygomis, kurs\u0173 mokestis jam n\u0117ra gr\u0105\u017einamas.<\/p>\n<p>Apie kurs\u0173 dalyvio neatvykim\u0105 \u012f individuali\u0173 kurs\u0173 u\u017esi\u0117mim\u0105 b\u016btina prane\u0161ti ne v\u0117liau kaip prie\u0161 24 (dvide\u0161imt keturias) valandas telefonu arba el. pa\u0161tu. Tokiu atveju u\u017esi\u0117mimas perkeliamas \u012f kit\u0105 dien\u0105 be papildomo mokes\u010dio. Laiku neprane\u0161us, praleisti kurs\u0173 u\u017esi\u0117mimai n\u0117ra perkeliami ar kitaip kompensuojami (sumok\u0117tas kurs\u0173 mokestis n\u0117ra gr\u0105\u017einamas).<\/p>\n<ol start=\"4\">\n<li><strong>Kurs\u0173 lankymo pa\u017eym\u0117jimas<\/strong><\/li>\n<\/ol>\n<p>Norint s\u0117kmingai u\u017ebaigti Kurs\u0105 reikia lankyti ne ma\u017eiau kaip 50 proc. paskait\u0173 ir i\u0161laikyti baigiam\u0105j\u012f test\u0105 ne \u017eemesniu rezultatu nei 6 balai i\u0161 10. \u012evykd\u017eius \u0161ias s\u0105lygas ir pateikus pra\u0161ym\u0105, asmeniui i\u0161duodamas kurs\u0173 baigimo pa\u017eym\u0117jimas.<\/p>\n<ol start=\"5\">\n<li><strong>Atsiskaitymas u\u017e kursus<\/strong><\/li>\n<\/ol>\n<p><a href=\"https:\/\/iicvilnius.esteri.it\/lt\/lingua-e-cultura\/i-corsi-di-lingua\/kaip-ir-kada-registruotis\/\">Kurs\u0173 kainos<\/a> ir taikomos <a href=\"https:\/\/iicvilnius.esteri.it\/lt\/lingua-e-cultura\/i-corsi-di-lingua\/kaip-ir-kada-registruotis\/\">nuolaidos<\/a> yra nurodytos Svetain\u0117je.<\/p>\n<p>Kurs\u0173 kain\u0105 dalyvis turi apmok\u0117ti iki prasidedant pamokoms, sulauk\u0119s Instituto patvirtinimo, kad yra suformuota kurs\u0173 grup\u0117.<\/p>\n<p>Kurs\u0173 kaina apmokama pavedimu \u012f Instituto nurodyt\u0105 s\u0105skait\u0105, per Instituto nurodyt\u0105 termin\u0105, bet ne v\u0117liau, kaip iki kurs\u0173 prad\u017eios. Mok\u0117jimas laikomas atliktu, kai l\u0117\u0161os \u012fskaitomos \u012f Instituto s\u0105skait\u0105.<\/p>\n<p>Taikomos nuolaidos n\u0117ra sumuojamos. Jei asmuo turi teis\u0119 \u012f keli\u0173 r\u016b\u0161i\u0173 nuolaidas, jam pritaikoma did\u017eiausia i\u0161 priklausan\u010di\u0173 nuolaid\u0173. Nor\u0117damas pasinaudoti taikomomis nuolaidomis asmuo turi pateikti informacij\u0105, \u012frodan\u010di\u0105 teis\u0119 \u012f nuolaid\u0105 (pavyzd\u017eiui, informacij\u0105 apie ankstesn\u012f kurs\u0173 baigim\u0105 ar pan.).<\/p>\n<p>Vadov\u0117liai ir kita mokomoji med\u017eiaga \u012f kurs\u0173 kain\u0105 n\u0117ra \u012fskai\u010diuota. Juos kurs\u0173 dalyvis turi \u012fsigyti papildomai institute. Vadov\u0117li\u0173 ir kitos mokomosios med\u017eiagos kaina priklauso nuo kurs\u0173 lygio ir ji sumokama iki vadov\u0117li\u0173 ar kitos mokomosios med\u017eiagos atsi\u0117mimo.<\/p>\n<p>Asmens sumok\u0117tas kurs\u0173 mokestis gr\u0105\u017einamas tik tuo atveju, jei nesusirenka kurs\u0173 grup\u0117 arba jei asmuo atsisako kurs\u0173 iki kurs\u0173 prad\u017eios. Jei asmuo atsisako lankyti kursus jau jiems prasid\u0117jus, pinigai u\u017e kursus jam n\u0117ra gr\u0105\u017einami, i\u0161skyrus Taisykl\u0117se numatytus atvejus (\u017er. piln\u0105 Taisykli\u0173 tekst\u0105).<\/p>\n<p>Piln\u0105 Taisykli\u0173 tekst\u0105 skaitykite <a href=\"https:\/\/iicvilnius.esteri.it\/wp-content\/uploads\/2024\/08\/Paslaugu-teikimo-taisykles-LT.pdf\"><u>\u010cIA<\/u><\/a><\/p>\n","protected":false},"excerpt":{"rendered":"ITAL\u0172 KALBOS KURS\u0172 ORGANIZAVIMO TAISYKL\u0116S (santrauka) Registracija \u012f kursus Registracija \u012f pasirinkt\u0105 kurs\u0105 atliekama u\u017epildant anket\u0105 Svetain\u0117je ir paspaudus mygtuk\u0105 \u201eSubmit\u201c. Jei nepavyksta u\u017epildyti anketos Svetain\u0117je, j\u0105 reikia atsisi\u0173sti, u\u017epildyti ir atsi\u0173sti el. pa\u0161tu corsilingua.iicvilnius@esteri.it. Pildant anket\u0105, reikia pateikti teising\u0105 ir i\u0161sami\u0105 savo informacij\u0105. U\u017epildydamas anket\u0105, asmuo patvirtina, kad susipa\u017eino su Taisykl\u0117mis ir \u012fsipareigoja j\u0173 [&hellip;]","protected":false},"author":3,"featured_media":0,"parent":94,"menu_order":6,"comment_status":"closed","ping_status":"closed","template":"","meta":{"footnotes":""},"class_list":["post-1584","page","type-page","status-publish","hentry"],"_links":{"self":[{"href":"https:\/\/iicvilnius.esteri.it\/lt\/wp-json\/wp\/v2\/pages\/1584","targetHints":{"allow":["GET"]}}],"collection":[{"href":"https:\/\/iicvilnius.esteri.it\/lt\/wp-json\/wp\/v2\/pages"}],"about":[{"href":"https:\/\/iicvilnius.esteri.it\/lt\/wp-json\/wp\/v2\/types\/page"}],"author":[{"embeddable":true,"href":"https:\/\/iicvilnius.esteri.it\/lt\/wp-json\/wp\/v2\/users\/3"}],"replies":[{"embeddable":true,"href":"https:\/\/iicvilnius.esteri.it\/lt\/wp-json\/wp\/v2\/comments?post=1584"}],"version-history":[{"count":2,"href":"https:\/\/iicvilnius.esteri.it\/lt\/wp-json\/wp\/v2\/pages\/1584\/revisions"}],"predecessor-version":[{"id":1595,"href":"https:\/\/iicvilnius.esteri.it\/lt\/wp-json\/wp\/v2\/pages\/1584\/revisions\/1595"}],"up":[{"embeddable":true,"href":"https:\/\/iicvilnius.esteri.it\/lt\/wp-json\/wp\/v2\/pages\/94"}],"wp:attachment":[{"href":"https:\/\/iicvilnius.esteri.it\/lt\/wp-json\/wp\/v2\/media?parent=1584"}],"curies":[{"name":"wp","href":"https:\/\/api.w.org\/{rel}","templated":true}]}}