{"id":199,"date":"2023-08-05T10:41:30","date_gmt":"2023-08-05T07:41:30","guid":{"rendered":"https:\/\/iicvilnius.esteri.it\/?page_id=199"},"modified":"2025-08-11T12:18:58","modified_gmt":"2025-08-11T09:18:58","slug":"kursu-kalendorius","status":"publish","type":"page","link":"https:\/\/iicvilnius.esteri.it\/lt\/lingua-e-cultura\/i-corsi-di-lingua\/kursu-kalendorius\/","title":{"rendered":"Kurs\u0173 kalendorius"},"content":{"rendered":"<p><strong><span class=\"titoloPagina\">ITAL\u0172 KALBOS KURSAI 2025\/2026 MOKSLO METAIS<\/span><\/strong><\/p>\n<div>\n<p><strong><span class=\"titoloPagina\">Paprastieji kursai<\/span><\/strong><br \/>\nTrukm\u0117 40 ak. val. (2 kartus per savait\u0119 po 2 ak. val.)<br \/>\nU\u017esi\u0117mimai <em>klas\u0117se<\/em> arba <em>per nuotol\u012f<\/em> vyksta pirmadieniais ir tre\u010diadieniais arba antradieniais ir ketvirtadieniais nuo 8.00 (tik nuotoliu), 11.00, 16.00 ir nuo 18 val. Registruodamiesi nurodykite Jums tinkam\u0105 u\u017esi\u0117mim\u0173 b\u016bd\u0105.<\/p>\n<p>I trimestras (ruduo): nuo 2025 m. spalio 6 d., trunka iki Kal\u0117d\u0173<br \/>\nII trimestras (\u017eiema): nuo 2026 m. sausio 12 d., trunka iki kovo pabaigos<br \/>\nIII trimestras (pavasaris): nuo 2026 m. baland\u017eio 13 d., trunka iki bir\u017eelio vidurio<\/p>\n<p><strong><span class=\"titoloPagina\">Savaitgalio kursai<\/span><\/strong><br \/>\nTrukm\u0117 40 ak. val. (1 kart\u0105 per savait\u0119 po 3 ak. val.):<br \/>\nU\u017esi\u0117mimai <em>klas\u0117se<\/em> arba <em>per nuotol\u012f<\/em> vyksta \u0161e\u0161tadieniais nuo 9 val. ir nuo 12 val..<br \/>\n<em>Nuotoliniai<\/em> u\u017esi\u0117mimai numatyti sekmadieniais nuo 18 val.<\/p>\n<p>I semestras: 2025 m. rugs\u0117jo 20 d. &#8211; gruod\u017eio 20 d..<br \/>\nII semestras: 2026 m. sausio 17 d. \u2013 baland\u017eio 18 d.<\/p>\n<p><strong><span class=\"titoloPagina\">Te<\/span><\/strong><strong><span class=\"titoloPagina\">miniai kursa<\/span><\/strong><strong><span class=\"titoloPagina\">i<\/span><\/strong><br \/>\nTrukm\u0117 20 ak. val. (1 kart\u0105 per savait\u0119 po 2 ak. val.)<br \/>\nKurs\u0173 temos ir tvarkara\u0161tis yra skelbiami kiekvieno trimestro prad\u017eioje.<br \/>\nI trimestras: 2025 m. spalio 10 d. \u2013 gruod\u017eio 12 d.<br \/>\nII trimestras: 2026 m. sausio 16 d. \u2013 kovo 20 d.<br \/>\nIII trimestras: 2026 m. baland\u017eio 10 d. &#8211; bir\u017eelio 19 d.<\/p>\n<p><strong><span class=\"titoloPagina\">Parengiamieji kursai CILS egzaminui <\/span><\/strong><span class=\"titoloPagina\">organizuojami u\u017esiregistravusi\u0173j\u0173 egzaminui pageidavimu. Tvarkara\u0161tis ir kainos bus derinamos su pageidaujan\u010diais lankyti \u0161iuos kursus.<br \/>\n<\/span><\/p>\n<p><strong><span class=\"titoloPagina\">Privat\u016bs kursai<\/span><\/strong><br \/>\nJei jums labiau patinka mokytis vieniems ar jei netinka nei vienas i\u0161 m\u016bs\u0173 si\u016blom\u0173 tvarkara\u0161\u010di\u0173, galite rinktis priva\u010dius kursus: klas\u0117je tik j\u016bs ir mokytojas.<\/p>\n<p><strong>2026 m. intensyv\u016bs vasaros kursai <\/strong><br \/>\nTrukm\u0117 40 ak. val. (kasdien nuo pirmadienio iki penktadienio po\u00a0 2 ak. val.)<br \/>\nIntensyvi\u0173 vasaros kurs\u0173 kalendorius bus paskelbtas 2026 m. pavasar\u012f.<\/p>\n<\/div>\n<div>\n<p><strong><span class=\"titoloRosso\">Kainos (eurais):<br \/>\n<\/span><\/strong><\/p>\n<table class=\"table\" border=\"1\" cellspacing=\"2\" cellpadding=\"0\">\n<tbody>\n<tr>\n<td><\/td>\n<td>Reguliari kaina<\/td>\n<td>Studentams ir moksleiviams<\/td>\n<td>Pensininkams<\/td>\n<\/tr>\n<tr>\n<td>Paprastieji kursai (40 ak. val.)<\/td>\n<td>230,00 *<\/td>\n<td>190,00 *<\/td>\n<td>180,00 *<\/td>\n<\/tr>\n<tr>\n<td>Intensyv\u016bs kursai (40 ak. val.)<\/td>\n<td>230,00 *<\/td>\n<td>190,00 *<\/td>\n<td>180,00 *<\/td>\n<\/tr>\n<tr>\n<td>Savaitgalio kursai (40 ak. val.)<\/td>\n<td>230,00 *<\/td>\n<td>190,00 *<\/td>\n<td>180,00 *<\/td>\n<\/tr>\n<tr>\n<td>Teminiai kursai (20 ak. val.)<\/td>\n<td>110,00 **<\/td>\n<td>90,00 **<\/td>\n<td>85,00 **<\/td>\n<\/tr>\n<tr>\n<td>Privatus kursas (1 ak. val. kaina)<\/td>\n<td>30,00 *<\/td>\n<td><\/td>\n<td><\/td>\n<\/tr>\n<\/tbody>\n<\/table>\n<p>* mokomoji med\u017eiaga (vadov\u0117liai) \u012f kain\u0105 ne\u012feina.<br \/>\n** \u012f kain\u0105 \u012ftraukti ir mokomosios med\u017eiagos ka\u0161tai.<br \/>\n<strong><br \/>\nU\u017esi\u0117mimai nevyks:<br \/>\n<\/strong><\/p>\n<p>2025 m. liepos 6 d.: Lietuvos Valstyb\u0117s diena<br \/>\n2025 m. rugpj\u016b\u010dio 15 d.: \u017dolin\u0117<br \/>\n2025 m. lapkri\u010dio 1-2 d.: Vis\u0173 \u0161vent\u0173j\u0173 diena ir V\u0117lin\u0117s<br \/>\n2025 m. gruod\u017eio 24 &#8211; 2026 sausio 4 d.: Kal\u0117d\u0173 ir Nauj\u0173j\u0173 met\u0173 atostogos<br \/>\n2026 m. vasario 16 d.: Lietuvos nepriklausomyb\u0117s diena<br \/>\n2026 m. kovo 11 d.: Lietuvos nepriklausomyb\u0117s atk\u016brimo diena<br \/>\n2026 m.\u00a0 baland\u017eio 5-6 d.: Velykos<br \/>\n2026 m. gegu\u017e\u0117s 1 d.: Darbo \u0161vent\u0117<br \/>\n2026 m. bir\u017eelio 2 d.: Italijos respublikos diena<br \/>\n2026 m. bir\u017eelio 24 d.: Jonin\u0117s (Rasos)<\/p>\n<p><strong>Nuolaidos<br \/>\n<\/strong>10% nuolaida taikoma tiems, kurie lank\u0117 Instituto kursus nuo 2024 m. rugs\u0117jo.<br \/>\nAntram, tre\u010diam \u012f kursus \u012fsira\u0161iusiam vieno \u0161eimos \u016bkio nariui yra taikoma 25% nuolaida (taikoma tik kartu gyvenantiems ir bendr\u0105 \u016bk\u012f vedantiems asmenims). D\u0117mesio: taikant \u0161i\u0105 nuolaid\u0105, pirmajam \u00a0\u0161eimos nariui kitos nuolaidos n\u0117ra taikomos, net jei jis, pavyzd\u017eiui, turi teis\u0119 \u012f nuolaid\u0105, kaip nuolatinis Instituto kurs\u0173 lankytojas ar pan. \u0160is \u0161eimos narys moka piln\u0105 kurs\u0173 kain\u0105, o antrasis ir visi kiti \u2013 su 25% nuolaida. Jei pirmasis \u0161eimos narys turi teis\u0119 \u012f kitoki\u0105 nuolaid\u0105 (pavyzd\u017eiui, nuolatinio kurs\u0173 lankytojo) ir nori ja pasinaudoti, tuomet kitiems \u0161eimos nariams 25% nuolaida netaikoma, ta\u010diau jie gali naudotis kitomis nuolaidomis, jei atitinka j\u0173 s\u0105lygas.<br \/>\n25% nuolaida taikoma ir tuomet, jei vienas asmuo lanko du kursus vienu metu (nuolaida taikoma pigesniam kursui).<br \/>\n5% nuolaida taikoma privataus kurso kainai, jei u\u017esisakoma 20 ir daugiau valand\u0173, 7% nuolaida taikoma privataus kurso kainai, jei u\u017esisakoma 40 ir daugiau valand\u0173.<br \/>\nMokestis studentams ir moksleiviams nekinta, jiems papildomos nuolaidos netaikomos.<br \/>\nNuolaidos nesumuojamos.<\/p>\n<p><strong>Mokes\u010dio gr\u0105\u017einimas<\/strong>.<br \/>\nKurs\u0173 mokestis gr\u0105\u017einamas tik tuo atveju, jei nesusirenka kurs\u0173 grup\u0117 arba jei asmuo atsisako kurs\u0173 iki kurs\u0173 prad\u017eios. Jei asmuo atsisako lankyti kursus jau jiems prasid\u0117jus, pinigai u\u017e kursus jam n\u0117ra gr\u0105\u017einami, i\u0161skyrus Taisykl\u0117se numatytus atvejus.<\/p>\n<p><strong>Pastaba.<\/strong> Registracija \u012f pasirinkt\u0105 kurs\u0105 \u012fsigalioja tik sumok\u0117jus kurs\u0173 mokest\u012f \u012f Instituto s\u0105skait\u0105 SEB banke, n. LT34 7044 0600 0138 7750. <strong>Ta\u010diau prie\u0161 pervesdami kurs\u0173 mokest\u012f, b\u016btinai sulaukite Sekretoriato patvirtinimo, kad j\u016bs\u0173 anketa yra gauta, o grup\u0117 suformuota.<\/strong><br \/>\nKursuose naudojam\u0173 vadov\u0117li\u0173 kaina, priklausomai nuo lygio, yra nuo 15 iki 18 eur\u0173. Vadov\u0117lius bus galima \u012fsigyti Sekretoriate.<\/p>\n<p>Jeigu ital\u0173 kalbos mok\u0117t\u0117s kitoje mokykloje, prie\u0161 pildant anket\u0105 pra\u0161ome susisiekti su Sekretoriatu <a href=\"mailto:corsilingua.iicvilnius@esteri.it\">corsilingua.iicvilnius@esteri.it\u00a0 <\/a>ir susitarti d\u0117l lygio nustatymo testo.<\/p>\n<p>Nor\u0117dami u\u017esiregistruoti, eikite \u012f skyrel\u012f <a href=\"https:\/\/iicvilnius.esteri.it\/lt\/lingua-e-cultura\/i-corsi-di-lingua\/kaip-ir-kada-registruotis\/\">&#8222;Kaip ir kada registruotis&#8221;<\/a><\/p>\n<\/div>\n","protected":false},"excerpt":{"rendered":"ITAL\u0172 KALBOS KURSAI 2025\/2026 MOKSLO METAIS Paprastieji kursai Trukm\u0117 40 ak. val. (2 kartus per savait\u0119 po 2 ak. val.) U\u017esi\u0117mimai klas\u0117se arba per nuotol\u012f vyksta pirmadieniais ir tre\u010diadieniais arba antradieniais ir ketvirtadieniais nuo 8.00 (tik nuotoliu), 11.00, 16.00 ir nuo 18 val. Registruodamiesi nurodykite Jums tinkam\u0105 u\u017esi\u0117mim\u0173 b\u016bd\u0105. I trimestras (ruduo): nuo 2025 m. [&hellip;]","protected":false},"author":3,"featured_media":0,"parent":94,"menu_order":1,"comment_status":"closed","ping_status":"closed","template":"","meta":{"footnotes":""},"class_list":["post-199","page","type-page","status-publish","hentry"],"_links":{"self":[{"href":"https:\/\/iicvilnius.esteri.it\/lt\/wp-json\/wp\/v2\/pages\/199","targetHints":{"allow":["GET"]}}],"collection":[{"href":"https:\/\/iicvilnius.esteri.it\/lt\/wp-json\/wp\/v2\/pages"}],"about":[{"href":"https:\/\/iicvilnius.esteri.it\/lt\/wp-json\/wp\/v2\/types\/page"}],"author":[{"embeddable":true,"href":"https:\/\/iicvilnius.esteri.it\/lt\/wp-json\/wp\/v2\/users\/3"}],"replies":[{"embeddable":true,"href":"https:\/\/iicvilnius.esteri.it\/lt\/wp-json\/wp\/v2\/comments?post=199"}],"version-history":[{"count":6,"href":"https:\/\/iicvilnius.esteri.it\/lt\/wp-json\/wp\/v2\/pages\/199\/revisions"}],"predecessor-version":[{"id":2337,"href":"https:\/\/iicvilnius.esteri.it\/lt\/wp-json\/wp\/v2\/pages\/199\/revisions\/2337"}],"up":[{"embeddable":true,"href":"https:\/\/iicvilnius.esteri.it\/lt\/wp-json\/wp\/v2\/pages\/94"}],"wp:attachment":[{"href":"https:\/\/iicvilnius.esteri.it\/lt\/wp-json\/wp\/v2\/media?parent=199"}],"curies":[{"name":"wp","href":"https:\/\/api.w.org\/{rel}","templated":true}]}}