{"id":204,"date":"2023-08-05T10:33:02","date_gmt":"2023-08-05T07:33:02","guid":{"rendered":"https:\/\/iicvilnius.esteri.it\/?page_id=204"},"modified":"2026-03-02T16:00:13","modified_gmt":"2026-03-02T14:00:13","slug":"kaip-ir-kada-registruotis","status":"publish","type":"page","link":"https:\/\/iicvilnius.esteri.it\/lt\/lingua-e-cultura\/i-corsi-di-lingua\/kaip-ir-kada-registruotis\/","title":{"rendered":"Kaip ir kada registruotis"},"content":{"rendered":"<p>Telefonas: (5) 2611076, 2611077<br \/>\nEl. pa\u0161tas: corsilingua.iicvilnius@esteri.it<\/p>\n<p><span class=\"titoloRosso\">Sekretoriato darbo laikas:<\/span><br \/>\nNuo pirmadienio iki penktadienio, 10.00-13.00 val. ir 14.00-17.00 val.<\/p>\n<p><span class=\"titoloRosso\"><strong>Reikalavimai<\/strong>:<br \/>\n<\/span>I\u0161skyrus A1.1 lyg\u012f, \u012f visus kitus lygius galima \u012fsira\u0161yti tik i\u0161laikius \u017eemesnio lygio baigiam\u0105j\u012f test\u0105. Jei j\u016bs mok\u0117t\u0117s kitur, tur\u0117site i\u0161laikyti lygio nustatymo test\u0105.<br \/>\n<strong><span class=\"titoloRosso\"><br \/>\nKainos (eurais):<\/span><\/strong><\/p>\n<table class=\"table\" border=\"1\" cellspacing=\"2\" cellpadding=\"0\">\n<tbody>\n<tr>\n<td><\/td>\n<td>Reguliari kaina<\/td>\n<td>Studentams ir moksleiviams<\/td>\n<td>Pensininkams<\/td>\n<\/tr>\n<tr>\n<td>Paprastieji kursai (40 ak. val.)<\/td>\n<td>230,00 *<\/td>\n<td>190,00 *<\/td>\n<td>180,00 *<\/td>\n<\/tr>\n<tr>\n<td>Intensyv\u016bs kursai (40 ak. val.)<\/td>\n<td>230,00 *<\/td>\n<td>190,00 *<\/td>\n<td>180,00 *<\/td>\n<\/tr>\n<tr>\n<td>Savaitgalio kursai (40 ak. val.)<\/td>\n<td>230,00 *<\/td>\n<td>190,00 *<\/td>\n<td>180,00 *<\/td>\n<\/tr>\n<tr>\n<td>Teminiai kursai (20 ak. val.)<\/td>\n<td>110,00 **<\/td>\n<td>90,00 **<\/td>\n<td>85,00 **<\/td>\n<\/tr>\n<tr>\n<td>Privatus kursas (1 ak. val. kaina)<\/td>\n<td>30,00 *<\/td>\n<td><\/td>\n<td><\/td>\n<\/tr>\n<\/tbody>\n<\/table>\n<p>* mokomoji med\u017eiaga (vadov\u0117liai) \u012f kain\u0105 ne\u012feina.<br \/>\n** \u012f kain\u0105 \u012ftraukti ir mokomosios med\u017eiagos ka\u0161tai.<\/p>\n<p>Kurs\u0173 dat\u0173 ir tvarkara\u0161\u010dio ie\u0161kokite skyrelyje <a href=\"https:\/\/iicvilnius.esteri.it\/lt\/lingua-e-cultura\/i-corsi-di-lingua\/kursu-kalendorius\/\">&#8222;Kalendorius&#8221;<\/a><\/p>\n<p>Jeigu ital\u0173 kalbos mok\u0117t\u0117s kitoje mokykloje, prie\u0161 pildant anket\u0105 pra\u0161ome susisiekti su Sekretoriatu <a href=\"mailto:corsilingua.iicvilnius@esteri.it\">corsilingua.iicvilnius@esteri.it<\/a>\u00a0 ir susitarti d\u0117l lygio nustatymo testo.<\/p>\n<p><span class=\"titoloRosso\"><strong>Nuolaidos<br \/>\n<\/strong><\/span>10% nuolaida taikoma tiems, kurie lank\u0117 Instituto kursus nuo 2024 m. rugs\u0117jo.<br \/>\nAntram, tre\u010diam \u012f kursus \u012fsira\u0161iusiam vieno \u0161eimos \u016bkio nariui yra taikoma 25% nuolaida (taikoma tik kartu gyvenantiems ir bendr\u0105 \u016bk\u012f vedantiems asmenims). D\u0117mesio: taikant \u0161i\u0105 nuolaid\u0105, pirmajam \u00a0\u0161eimos nariui kitos nuolaidos n\u0117ra taikomos, net jei jis, pavyzd\u017eiui, turi teis\u0119 \u012f nuolaid\u0105, kaip nuolatinis Instituto kurs\u0173 lankytojas ar pan. \u0160is \u0161eimos narys moka piln\u0105 kurs\u0173 kain\u0105, o antrasis ir visi kiti \u2013 su 25% nuolaida. Jei pirmasis \u0161eimos narys turi teis\u0119 \u012f kitoki\u0105 nuolaid\u0105 (pavyzd\u017eiui, nuolatinio kurs\u0173 lankytojo) ir nori ja pasinaudoti, tuomet kitiems \u0161eimos nariams 25% nuolaida netaikoma, ta\u010diau jie gali naudotis kitomis nuolaidomis, jei atitinka j\u0173 s\u0105lygas.<br \/>\n25% nuolaida taikoma ir tuomet, jei vienas asmuo lanko du kursus vienu metu (nuolaida taikoma pigesniam kursui).<br \/>\n5% nuolaida taikoma privataus kurso kainai, jei u\u017esisakoma 20 ir daugiau valand\u0173, 7% nuolaida taikoma privataus kurso kainai, jei u\u017esisakoma 40 ir daugiau valand\u0173.<br \/>\nMokestis studentams ir moksleiviams nekinta, jiems papildomos nuolaidos netaikomos.<br \/>\nNuolaidos nesumuojamos.<\/p>\n<p><span class=\"titoloRosso\"><br \/>\n<strong>Mokes\u010dio gr\u0105\u017einimas<\/strong>.<br \/>\n<\/span><span class=\"titoloRosso\">K<\/span>urs\u0173 mokestis gr\u0105\u017einamas tik tuo atveju, jei nesusirenka kurs\u0173 grup\u0117 arba jei asmuo atsisako kurs\u0173 iki kurs\u0173 prad\u017eios. Jei asmuo atsisako lankyti kursus jau jiems prasid\u0117jus, pinigai u\u017e kursus jam n\u0117ra gr\u0105\u017einami, i\u0161skyrus Taisykl\u0117se numatytus atvejus.<br \/>\n<span class=\"titoloRosso\"><br \/>\n<strong>Pastaba<\/strong>. <\/span>Registracija \u012f pasirinkt\u0105 kurs\u0105 \u012fsigalioja tik sumok\u0117jus kurs\u0173 mokest\u012f \u012f Instituto s\u0105skait\u0105 SEB banke, n. LT34 7044 0600 0138 7750.<strong> Ta\u010diau prie\u0161 pervesdami kurs\u0173 mokest\u012f, b\u016btinai sulaukite Sekretoriato patvirtinimo, kad j\u016bs\u0173 anketa yra gauta, o grup\u0117 suformuota.<\/strong><\/p>\n<p>Kursuose naudojam\u0173 vadov\u0117li\u0173 kaina, priklausomai nuo lygio, yra 16-18 eur\u0173. Vadov\u0117lius bus galima \u012fsigyti Sekretoriate.<br \/>\nVis\u0173 grupi\u0173 u\u017esi\u0117mimai pradedami tik tuomet, kai susirenka ma\u017eiausiai 7 \u017emon\u0117s.<\/p>\n<p>U\u017esiregistruoti \u012f kursus galite u\u017epildydami anket\u0105 (\u017er. nuorod\u0105 \u017eemiau). Jeigu ital\u0173 kalbos nemokate ir niekada nesimok\u0117te, anketoje \u017eym\u0117kite A1.1 lyg\u012f. Jeigu ital\u0173 kalb\u0105 jau mok\u0117t\u0117s, bet ne pas mus, labai rekomenduojame prie\u0161 tai susisiekti su sekretoriatu ir atlikti lygio nustatymo test\u0105. Jeigu ital\u0173 kalb\u0105 mok\u0117t\u0117s pas mus, ta\u010diau neprisimenate, kok\u012f lyg\u012f baig\u0117te, taip pat galite mums para\u0161yti el. lai\u0161k\u0105 <a href=\"mailto:corsilingua.iicvilnius@esteri.it,\">corsilingua.iicvilnius@esteri.it,<\/a> mes surasime archyvuose, \u012f kok\u012f lyg\u012f tur\u0117tum\u0117te registruotis dabar. D\u0117mesio: \u017eym\u0117kite t\u0105 lyg\u012f, kok\u012f turite lankyti dabar, o ne kok\u012f lank\u0117te paskutin\u012f (nebent norite pakartoti kurs\u0105) ar kok\u012f norite pasiekti per metus ar dvejus moksl\u0173.<br \/>\nKadangi nuo \u0161io rudens \u0161iek tiek kei\u010diasi lygi\u0173 suskirstymas, \u0161tai \u010dia rasite naujus lygi\u0173 pavadinimus:<\/p>\n<table style=\"height: 635px;\" width=\"664\">\n<tbody>\n<tr>\n<td width=\"104\"><strong>Buv\u0119s lygis<\/strong><\/td>\n<td width=\"246\"><strong>Lygio pavadinimas nuo 2025 rudens<\/strong><\/td>\n<td width=\"104\"><strong>Registruotis \u012f:<\/strong><\/td>\n<\/tr>\n<tr>\n<td width=\"104\"><strong>A0<\/strong><\/td>\n<td width=\"246\">A1.1<\/td>\n<td width=\"104\">A1.2<\/td>\n<\/tr>\n<tr>\n<td width=\"104\"><strong>A1<\/strong><\/td>\n<td width=\"246\">A1.2<\/td>\n<td width=\"104\">A2.1<\/td>\n<\/tr>\n<tr>\n<td rowspan=\"2\" width=\"104\"><strong>A2<\/strong><\/td>\n<td width=\"246\">A2.1<\/td>\n<td rowspan=\"2\" width=\"104\">B1.1<\/td>\n<\/tr>\n<tr>\n<td width=\"246\">A2.2<\/td>\n<\/tr>\n<tr>\n<td width=\"104\"><strong>B1.0<\/strong><\/td>\n<td width=\"246\">&#8211;<\/td>\n<td width=\"104\">B1.1<\/td>\n<\/tr>\n<tr>\n<td width=\"104\"><strong>B1.1<\/strong><\/td>\n<td width=\"246\">B1.1<\/td>\n<td width=\"104\">B1.2<\/td>\n<\/tr>\n<tr>\n<td width=\"104\"><strong>B1.2<\/strong><\/td>\n<td width=\"246\">B1.2<\/td>\n<td width=\"104\">B2.1<\/td>\n<\/tr>\n<tr>\n<td width=\"104\"><strong>B2.1<\/strong><\/td>\n<td width=\"246\">B2.1<\/td>\n<td width=\"104\">B2.2<\/td>\n<\/tr>\n<tr>\n<td width=\"104\"><strong>B2.2<\/strong><\/td>\n<td width=\"246\">B2.2<\/td>\n<td width=\"104\">C1.1<\/td>\n<\/tr>\n<\/tbody>\n<\/table>\n<p><strong>REGISTRACIJOS ANKETA \u012e KURSUS \u017dIEM\u0104:<br \/>\n<a href=\"https:\/\/form.jotform.com\/260533350846355\">Anketa pradedantiesiems<\/a><br \/>\n<a href=\"https:\/\/form.jotform.com\/260533627636359\">Anketa A1.2-C2.1 lygiams<\/a><\/strong><\/p>\n<p><strong>\u00a0<\/strong>Jei nepavykt\u0173 u\u017epildyti anketos internete, atsisi\u0173skite anket\u0105, esan\u010di\u0105 \u0161io puslapio apa\u010dioje, u\u017epildykite ir atsi\u0173skite mums el.pa\u0161tu <a href=\"mailto:corsilingua.iicvilnius@esteri.it\">corsilingua.iicvilnius@esteri.it<\/a><\/p>\n<p>&nbsp;<\/p>\n<p><em>Atkreipiame J\u016bs\u0173 d\u0117mes\u012f, kad susiklos\u010dius nepalankiai situacijai, gali b\u016bti si\u016blomi kursai nuotoliniu b\u016bdu tuo pa\u010diu tvarkara\u0161\u010diu, kaip ir kursai klas\u0117se.<\/em><\/p>\n","protected":false},"excerpt":{"rendered":"Telefonas: (5) 2611076, 2611077 El. pa\u0161tas: corsilingua.iicvilnius@esteri.it Sekretoriato darbo laikas: Nuo pirmadienio iki penktadienio, 10.00-13.00 val. ir 14.00-17.00 val. Reikalavimai: I\u0161skyrus A1.1 lyg\u012f, \u012f visus kitus lygius galima \u012fsira\u0161yti tik i\u0161laikius \u017eemesnio lygio baigiam\u0105j\u012f test\u0105. Jei j\u016bs mok\u0117t\u0117s kitur, tur\u0117site i\u0161laikyti lygio nustatymo test\u0105. Kainos (eurais): Reguliari kaina Studentams ir moksleiviams Pensininkams Paprastieji kursai (40 [&hellip;]","protected":false},"author":3,"featured_media":0,"parent":94,"menu_order":2,"comment_status":"closed","ping_status":"closed","template":"","meta":{"footnotes":""},"class_list":["post-204","page","type-page","status-publish","hentry"],"_links":{"self":[{"href":"https:\/\/iicvilnius.esteri.it\/lt\/wp-json\/wp\/v2\/pages\/204","targetHints":{"allow":["GET"]}}],"collection":[{"href":"https:\/\/iicvilnius.esteri.it\/lt\/wp-json\/wp\/v2\/pages"}],"about":[{"href":"https:\/\/iicvilnius.esteri.it\/lt\/wp-json\/wp\/v2\/types\/page"}],"author":[{"embeddable":true,"href":"https:\/\/iicvilnius.esteri.it\/lt\/wp-json\/wp\/v2\/users\/3"}],"replies":[{"embeddable":true,"href":"https:\/\/iicvilnius.esteri.it\/lt\/wp-json\/wp\/v2\/comments?post=204"}],"version-history":[{"count":7,"href":"https:\/\/iicvilnius.esteri.it\/lt\/wp-json\/wp\/v2\/pages\/204\/revisions"}],"predecessor-version":[{"id":2930,"href":"https:\/\/iicvilnius.esteri.it\/lt\/wp-json\/wp\/v2\/pages\/204\/revisions\/2930"}],"up":[{"embeddable":true,"href":"https:\/\/iicvilnius.esteri.it\/lt\/wp-json\/wp\/v2\/pages\/94"}],"wp:attachment":[{"href":"https:\/\/iicvilnius.esteri.it\/lt\/wp-json\/wp\/v2\/media?parent=204"}],"curies":[{"name":"wp","href":"https:\/\/api.w.org\/{rel}","templated":true}]}}