{"id":208,"date":"2023-08-03T11:59:17","date_gmt":"2023-08-03T08:59:17","guid":{"rendered":"https:\/\/iicvilnius.esteri.it\/?page_id=208"},"modified":"2023-08-03T12:02:23","modified_gmt":"2023-08-03T09:02:23","slug":"destytojai-ir-vadoveliai","status":"publish","type":"page","link":"https:\/\/iicvilnius.esteri.it\/lt\/lingua-e-cultura\/i-corsi-di-lingua\/destytojai-ir-vadoveliai\/","title":{"rendered":"D\u0117stytojai ir vadov\u0117liai"},"content":{"rendered":"<p><strong><span class=\"titoloRosso\">D\u0117stytojai <\/span> <\/strong><\/p>\n<p>D\u0117stytoj\u0173, dirban\u010di\u0173 Ital\u0173 kult\u016bros institute Vilniuje, gimtoji kalba yra ital\u0173. Jie yra baig\u0119 \u012fvairius Italijos universitetus ir turi specialios ital\u0173 kalbos d\u0117stymo u\u017esienie\u010diams patirties. Pradiniuose lygiuose (A0, A1, A2) u\u017esi\u0117mimus gali vesti ir d\u0117stytojai lietuviai, baig\u0119 universitetines ital\u0173 kalbos studijas ir turintys d\u0117stymo patirties.<\/p>\n<p><span class=\"titoloRosso\"><strong>Vadov\u0117liai ir mokymo med\u017eiaga<\/strong> <\/span><\/p>\n<p>Be \u012fvairios spausdintos ir vaizdin\u0117s med\u017eiagos, kursuose naudojami \u0161ie vadov\u0117liai:<\/p>\n<p>A0, A1 ir A2 lygiai &#8211;\u00a0\u00a0Nuovissimo Progetto Italiano 1a ir 1b, Edizioni Edilingua;<br \/>\nB1.0, B1.1 ir\u00a0B1.2 lygiai &#8211;\u00a0\u00a0Nuovissimo Progetto Italiano 2a ir 2b, Edizioni Edilingua;<br \/>\nB2.1, B2.2, C1.1 ir C1.2 lygiai &#8211;\u00a0 Nuovo Progetto Italiano 3, Edizioni Edilingua.<\/p>\n<p>Visuose kursuose yra taip pat naudojama\u00a0\u012fvairi kita med\u017eiaga.<\/p>\n<p>Vadov\u0117lius gal\u0117site \u012fsigyti Ital\u0173 kult\u016bros instituto sekretoriate. Vadov\u0117liai A\u00a0 bei B1 lygiams (vadov\u0117lis+DVD+audio CD) kainuoja po 13-15 eur; komplekto B2 ir C1 lygiams, \u012f kur\u012f \u012feina Studento knyga, pratybos, ir 2 audio CD, kaina &#8211; 19-21 eur\u0173 (tiksli kaina priklauso nuo sumos, kuri\u0105 leidykla \u201eEdilingua&#8221; mums apskai\u010diuoja kiekvienam u\u017esakymui atskirai).<\/p>\n","protected":false},"excerpt":{"rendered":"D\u0117stytojai D\u0117stytoj\u0173, dirban\u010di\u0173 Ital\u0173 kult\u016bros institute Vilniuje, gimtoji kalba yra ital\u0173. Jie yra baig\u0119 \u012fvairius Italijos universitetus ir turi specialios ital\u0173 kalbos d\u0117stymo u\u017esienie\u010diams patirties. Pradiniuose lygiuose (A0, A1, A2) u\u017esi\u0117mimus gali vesti ir d\u0117stytojai lietuviai, baig\u0119 universitetines ital\u0173 kalbos studijas ir turintys d\u0117stymo patirties. Vadov\u0117liai ir mokymo med\u017eiaga Be \u012fvairios spausdintos ir vaizdin\u0117s med\u017eiagos, [&hellip;]","protected":false},"author":3,"featured_media":0,"parent":94,"menu_order":3,"comment_status":"closed","ping_status":"closed","template":"","meta":{"footnotes":""},"class_list":["post-208","page","type-page","status-publish","hentry"],"_links":{"self":[{"href":"https:\/\/iicvilnius.esteri.it\/lt\/wp-json\/wp\/v2\/pages\/208","targetHints":{"allow":["GET"]}}],"collection":[{"href":"https:\/\/iicvilnius.esteri.it\/lt\/wp-json\/wp\/v2\/pages"}],"about":[{"href":"https:\/\/iicvilnius.esteri.it\/lt\/wp-json\/wp\/v2\/types\/page"}],"author":[{"embeddable":true,"href":"https:\/\/iicvilnius.esteri.it\/lt\/wp-json\/wp\/v2\/users\/3"}],"replies":[{"embeddable":true,"href":"https:\/\/iicvilnius.esteri.it\/lt\/wp-json\/wp\/v2\/comments?post=208"}],"version-history":[{"count":1,"href":"https:\/\/iicvilnius.esteri.it\/lt\/wp-json\/wp\/v2\/pages\/208\/revisions"}],"predecessor-version":[{"id":209,"href":"https:\/\/iicvilnius.esteri.it\/lt\/wp-json\/wp\/v2\/pages\/208\/revisions\/209"}],"up":[{"embeddable":true,"href":"https:\/\/iicvilnius.esteri.it\/lt\/wp-json\/wp\/v2\/pages\/94"}],"wp:attachment":[{"href":"https:\/\/iicvilnius.esteri.it\/lt\/wp-json\/wp\/v2\/media?parent=208"}],"curies":[{"name":"wp","href":"https:\/\/api.w.org\/{rel}","templated":true}]}}