{"id":2374,"date":"2025-09-12T11:35:42","date_gmt":"2025-09-12T08:35:42","guid":{"rendered":"https:\/\/iicvilnius.esteri.it\/?page_id=2374"},"modified":"2026-01-02T15:10:52","modified_gmt":"2026-01-02T13:10:52","slug":"kursai-vaikams","status":"publish","type":"page","link":"https:\/\/iicvilnius.esteri.it\/lt\/lingua-e-cultura\/i-corsi-di-lingua\/kursai-vaikams\/","title":{"rendered":"Kursai vaikams"},"content":{"rendered":"<p style=\"text-align: center;\"><span style=\"text-decoration: underline;\"><strong>Ital\u0173 kalbos pamokos 7-12 met\u0173 vaikams su mokytoja Viktorija<\/strong><\/span><\/p>\n<p>Ital\u0173 kult\u016bros institutas kvie\u010dia vaikus atrasti ital\u0173 kalbos pasaul\u012f per \u017eaidimus, daineles, animacinius filmukus ir k\u016brybines u\u017eduotis! Pamok\u0173 metu mokysim\u0117s pasisveikinti, prisistatyti, papasakoti apie save ir \u0161eim\u0105, \u012fvardyti spalvas, gyv\u016bnus bei jausmus.<\/p>\n<p>Svarbiausia \u2013 patirti kalb\u0105 gyvai: judant, bendraujant, kuriant ir \u017eaid\u017eiant. Vaikai lavins savo vaizduot\u0119, socialinius \u012fg\u016bd\u017eius bei pa\u017eins ital\u0173 kult\u016bros spalvingum\u0105.<\/p>\n<p>Pamokos trukm\u0117: 60 min.<\/p>\n<p>Laikas: \u0161e\u0161tadieniais 12 val.<\/p>\n<p>Kurso trukm\u0117: 10 pamok\u0173 nuo sausio 17 d. iki kovo 21 d.<\/p>\n<p>&nbsp;<\/p>\n<p style=\"text-align: center;\"><strong><u>Ital\u0173 kalbos pamokos vaikams, kuri\u0173 t\u0117tis ar mama yra italai,\u00a0 s<\/u><span style=\"text-decoration: underline;\">u mokytoja Francesca<\/span><\/strong><\/p>\n<p>Kursas skirtas vaikams nuo 6 met\u0173 am\u017eiaus, kurie jau moka atpa\u017einti ir para\u0161yti raides. Daugiau informacijos apie kurs\u0105 ir metodik\u0105 skaitykite \u0161ios skilties itali\u0161koje versijoje.<\/p>\n<p>Pamokos trukm\u0117: 60 min.<\/p>\n<p>Laikas: antradieniais arba ketvirtadieniais (derinama) nuo 16.30 val.<\/p>\n<p>Kurso trukm\u0117: 10 pamok\u0173 nuo sausio 13 (15) d. iki kovo 17 (19) d.<\/p>\n<p>&nbsp;<\/p>\n<p>Kurso kaina: 65 eur.<br \/>\nNor\u0117dami u\u017eregistruoti savo vaik\u0105, atsi\u0173skite el. lai\u0161k\u0105 adresu <a href=\"mailto:corsilingua.iicvilnius@esteri.it\">corsilingua.iicvilnius@esteri.it<\/a>, nurodydami vaiko vard\u0105, pavard\u0119 ir am\u017ei\u0173, vieno i\u0161 t\u0117v\u0173 vard\u0105, pavard\u0119, el.pa\u0161to adres\u0105 bei telefon\u0105 bei pasirinkt\u0105 kurs\u0105.<\/p>\n<p>&nbsp;<\/p>\n","protected":false},"excerpt":{"rendered":"Ital\u0173 kalbos pamokos 7-12 met\u0173 vaikams su mokytoja Viktorija Ital\u0173 kult\u016bros institutas kvie\u010dia vaikus atrasti ital\u0173 kalbos pasaul\u012f per \u017eaidimus, daineles, animacinius filmukus ir k\u016brybines u\u017eduotis! Pamok\u0173 metu mokysim\u0117s pasisveikinti, prisistatyti, papasakoti apie save ir \u0161eim\u0105, \u012fvardyti spalvas, gyv\u016bnus bei jausmus. Svarbiausia \u2013 patirti kalb\u0105 gyvai: judant, bendraujant, kuriant ir \u017eaid\u017eiant. Vaikai lavins savo vaizduot\u0119, [&hellip;]","protected":false},"author":3,"featured_media":0,"parent":94,"menu_order":2,"comment_status":"closed","ping_status":"closed","template":"","meta":{"footnotes":""},"class_list":["post-2374","page","type-page","status-publish","hentry"],"_links":{"self":[{"href":"https:\/\/iicvilnius.esteri.it\/lt\/wp-json\/wp\/v2\/pages\/2374","targetHints":{"allow":["GET"]}}],"collection":[{"href":"https:\/\/iicvilnius.esteri.it\/lt\/wp-json\/wp\/v2\/pages"}],"about":[{"href":"https:\/\/iicvilnius.esteri.it\/lt\/wp-json\/wp\/v2\/types\/page"}],"author":[{"embeddable":true,"href":"https:\/\/iicvilnius.esteri.it\/lt\/wp-json\/wp\/v2\/users\/3"}],"replies":[{"embeddable":true,"href":"https:\/\/iicvilnius.esteri.it\/lt\/wp-json\/wp\/v2\/comments?post=2374"}],"version-history":[{"count":2,"href":"https:\/\/iicvilnius.esteri.it\/lt\/wp-json\/wp\/v2\/pages\/2374\/revisions"}],"predecessor-version":[{"id":2832,"href":"https:\/\/iicvilnius.esteri.it\/lt\/wp-json\/wp\/v2\/pages\/2374\/revisions\/2832"}],"up":[{"embeddable":true,"href":"https:\/\/iicvilnius.esteri.it\/lt\/wp-json\/wp\/v2\/pages\/94"}],"wp:attachment":[{"href":"https:\/\/iicvilnius.esteri.it\/lt\/wp-json\/wp\/v2\/media?parent=2374"}],"curies":[{"name":"wp","href":"https:\/\/api.w.org\/{rel}","templated":true}]}}