{"id":273,"date":"2023-08-07T12:26:39","date_gmt":"2023-08-07T09:26:39","guid":{"rendered":"https:\/\/iicvilnius.esteri.it\/?page_id=273"},"modified":"2025-08-11T12:49:16","modified_gmt":"2025-08-11T09:49:16","slug":"metodas-ir-lygiai","status":"publish","type":"page","link":"https:\/\/iicvilnius.esteri.it\/lt\/lingua-e-cultura\/i-corsi-di-lingua\/metodas-ir-lygiai\/","title":{"rendered":"Metodas ir lygiai"},"content":{"rendered":"<p><strong>D\u0117mesio!<br \/>\n<\/strong> <span class=\"titoloNotizia\">Nuo 2025\/2026 mokslo met\u0173 kursai yra skirstomi \u012f \u0161iuos lygius po 40 valand\u0173:<br \/>\n<\/span>Pradedan\u010diojo vartotojo &#8211; A &#8211; lygiai: A1.1, A1.2, A2.1 ir A2.2<br \/>\nNepriklausomo vartotojo &#8211; B &#8211; lygiai:\u00a0 B1.1, B1.2, B2.1 ir B2.2<br \/>\nPa\u017eengusiojo vartotojo &#8211; C &#8211; lygiai: C1.1, C1.2, C2<\/p>\n","protected":false},"excerpt":{"rendered":"D\u0117mesio! Nuo 2025\/2026 mokslo met\u0173 kursai yra skirstomi \u012f \u0161iuos lygius po 40 valand\u0173: Pradedan\u010diojo vartotojo &#8211; A &#8211; lygiai: A1.1, A1.2, A2.1 ir A2.2 Nepriklausomo vartotojo &#8211; B &#8211; lygiai:\u00a0 B1.1, B1.2, B2.1 ir B2.2 Pa\u017eengusiojo vartotojo &#8211; C &#8211; lygiai: C1.1, C1.2, C2","protected":false},"author":3,"featured_media":0,"parent":94,"menu_order":4,"comment_status":"closed","ping_status":"closed","template":"","meta":{"footnotes":""},"class_list":["post-273","page","type-page","status-publish","hentry"],"_links":{"self":[{"href":"https:\/\/iicvilnius.esteri.it\/lt\/wp-json\/wp\/v2\/pages\/273","targetHints":{"allow":["GET"]}}],"collection":[{"href":"https:\/\/iicvilnius.esteri.it\/lt\/wp-json\/wp\/v2\/pages"}],"about":[{"href":"https:\/\/iicvilnius.esteri.it\/lt\/wp-json\/wp\/v2\/types\/page"}],"author":[{"embeddable":true,"href":"https:\/\/iicvilnius.esteri.it\/lt\/wp-json\/wp\/v2\/users\/3"}],"replies":[{"embeddable":true,"href":"https:\/\/iicvilnius.esteri.it\/lt\/wp-json\/wp\/v2\/comments?post=273"}],"version-history":[{"count":2,"href":"https:\/\/iicvilnius.esteri.it\/lt\/wp-json\/wp\/v2\/pages\/273\/revisions"}],"predecessor-version":[{"id":2340,"href":"https:\/\/iicvilnius.esteri.it\/lt\/wp-json\/wp\/v2\/pages\/273\/revisions\/2340"}],"up":[{"embeddable":true,"href":"https:\/\/iicvilnius.esteri.it\/lt\/wp-json\/wp\/v2\/pages\/94"}],"wp:attachment":[{"href":"https:\/\/iicvilnius.esteri.it\/lt\/wp-json\/wp\/v2\/media?parent=273"}],"curies":[{"name":"wp","href":"https:\/\/api.w.org\/{rel}","templated":true}]}}