{"id":297,"date":"2023-09-13T11:32:28","date_gmt":"2023-09-13T08:32:28","guid":{"rendered":"https:\/\/iicvilnius.esteri.it\/?page_id=297"},"modified":"2026-04-01T10:47:52","modified_gmt":"2026-04-01T07:47:52","slug":"teminiai-italu-kalbos-kursai","status":"publish","type":"page","link":"https:\/\/iicvilnius.esteri.it\/lt\/lingua-e-cultura\/i-corsi-di-lingua\/teminiai-italu-kalbos-kursai\/","title":{"rendered":"Teminiai ital\u0173 kalbos kursai"},"content":{"rendered":"<p>Pavasario trimestr\u0105 si\u016blome Jums tik vien\u0105 temin\u012f kurs\u0105, kuris vyks nuo 2026 m. baland\u017eio 17\u00a0 d. iki bir\u017eelio 26 d. Registracija jau vyksta ir neu\u017esidarys \u2013 prie surinktos grup\u0117s gal\u0117site prisijungti bet kuriuo metu. Nor\u0117dami u\u017esiregistruoti, atsi\u0173skite lai\u0161k\u0105 el.pa\u0161tu <a href=\"mailto:corsilingua.iicvilnius@esteri.it\">corsilingua.iicvilnius@esteri.it<\/a>, nurodydami savo vard\u0105, pavard\u0119 ir telefono nr..<br \/>\nTemini\u0173 kurs\u0173 trukm\u0117 20 akademini\u0173 valand\u0173 (10 pamok\u0173), u\u017esi\u0117mimai vyksta vien\u0105 kart\u0105 per savait\u0119 po dvi akademines valandas. Kurso mokestis: 110 eur (90 eur moksleiviams, studentams ir 85 eur pensininkams, <u>labai pra\u0161ome savo status\u0105 nurodyti registracijos lai\u0161ke<\/u>), med\u017eiaga jau yra \u012fskai\u010diuota \u012f kain\u0105.<\/p>\n<p>Teminis kursas<br \/>\n<strong><em>Ital\u0173 kinas ir \u0161i\u0173 dien\u0173 autoriai <\/em><\/strong>su Mariangela<br \/>\nAr ital\u0173 kinas patiria kriz\u0119? O gal kaip tik atgimsta? Apie kokius socialinius ir kult\u016brinius Italijos aspektus pasakoja? Kokie \u0161iuo metu yra populiariausi re\u017eisieriai ir aktoriai? 10 film\u0173, kad per kin\u0105 suprastum\u0117me dabartin\u0119 Italij\u0105.<br \/>\n\u017demiausias rekomenduojamas lygis: B1<br \/>\nPenktadieniais, nuo 18.00 <strong>NUOTOLIU<\/strong><\/p>\n<p><em>Laukiame j\u016bs\u0173 registracij\u0173!<\/em><\/p>\n<p>&nbsp;<\/p>\n","protected":false},"excerpt":{"rendered":"Pavasario trimestr\u0105 si\u016blome Jums tik vien\u0105 temin\u012f kurs\u0105, kuris vyks nuo 2026 m. baland\u017eio 17\u00a0 d. iki bir\u017eelio 26 d. Registracija jau vyksta ir neu\u017esidarys \u2013 prie surinktos grup\u0117s gal\u0117site prisijungti bet kuriuo metu. Nor\u0117dami u\u017esiregistruoti, atsi\u0173skite lai\u0161k\u0105 el.pa\u0161tu corsilingua.iicvilnius@esteri.it, nurodydami savo vard\u0105, pavard\u0119 ir telefono nr.. Temini\u0173 kurs\u0173 trukm\u0117 20 akademini\u0173 valand\u0173 (10 pamok\u0173), [&hellip;]","protected":false},"author":3,"featured_media":0,"parent":94,"menu_order":1,"comment_status":"closed","ping_status":"closed","template":"","meta":{"footnotes":""},"class_list":["post-297","page","type-page","status-publish","hentry"],"_links":{"self":[{"href":"https:\/\/iicvilnius.esteri.it\/lt\/wp-json\/wp\/v2\/pages\/297","targetHints":{"allow":["GET"]}}],"collection":[{"href":"https:\/\/iicvilnius.esteri.it\/lt\/wp-json\/wp\/v2\/pages"}],"about":[{"href":"https:\/\/iicvilnius.esteri.it\/lt\/wp-json\/wp\/v2\/types\/page"}],"author":[{"embeddable":true,"href":"https:\/\/iicvilnius.esteri.it\/lt\/wp-json\/wp\/v2\/users\/3"}],"replies":[{"embeddable":true,"href":"https:\/\/iicvilnius.esteri.it\/lt\/wp-json\/wp\/v2\/comments?post=297"}],"version-history":[{"count":7,"href":"https:\/\/iicvilnius.esteri.it\/lt\/wp-json\/wp\/v2\/pages\/297\/revisions"}],"predecessor-version":[{"id":2984,"href":"https:\/\/iicvilnius.esteri.it\/lt\/wp-json\/wp\/v2\/pages\/297\/revisions\/2984"}],"up":[{"embeddable":true,"href":"https:\/\/iicvilnius.esteri.it\/lt\/wp-json\/wp\/v2\/pages\/94"}],"wp:attachment":[{"href":"https:\/\/iicvilnius.esteri.it\/lt\/wp-json\/wp\/v2\/media?parent=297"}],"curies":[{"name":"wp","href":"https:\/\/api.w.org\/{rel}","templated":true}]}}