{"id":85,"date":"2023-04-03T20:28:30","date_gmt":"2023-04-03T17:28:30","guid":{"rendered":"https:\/\/iicvilnius.esteri.it\/home\/"},"modified":"2023-10-23T21:18:46","modified_gmt":"2023-10-23T18:18:46","slug":"home","status":"publish","type":"page","link":"https:\/\/iicvilnius.esteri.it\/lt\/","title":{"rendered":"Home"},"content":{"rendered":"        <section class=\"it-hero-wrapper it-dark it-overlay it-text-centered\">\n            <!-- - img-->\n            <div class=\"img-responsive-wrapper\">\n                <div class=\"img-responsive\">\n                    <div class=\"img-wrapper\">\n                        <img decoding=\"async\" loading=\"lazy\" width=\"1920\" height=\"868\" src=\"https:\/\/iicvilnius.esteri.it\/wp-content\/uploads\/2025\/09\/fb-virselis_galutinis-16-16-min.png\" srcset=\"https:\/\/iicvilnius.esteri.it\/wp-content\/uploads\/2025\/09\/fb-virselis_galutinis-16-16-min.png 1920w, https:\/\/iicvilnius.esteri.it\/wp-content\/uploads\/2025\/09\/fb-virselis_galutinis-16-16-min-300x136.png 300w, https:\/\/iicvilnius.esteri.it\/wp-content\/uploads\/2025\/09\/fb-virselis_galutinis-16-16-min-1024x463.png 1024w, https:\/\/iicvilnius.esteri.it\/wp-content\/uploads\/2025\/09\/fb-virselis_galutinis-16-16-min-768x347.png 768w\" sizes=\"auto, (max-width: 1920px) 100vw, 1920px\" alt=\"Iscriviti ai corsi di lingua italiana!\">\n                    <\/div>\n                <\/div>\n            <\/div>\n            <!-- - texts-->\n            <div class=\"container\">\n                <div class=\"row\">\n                    <div class=\"col-12\">\n                        <div class=\"it-hero-text-wrapper bg-dark\">\n                            <h2 class=\"h1\"><a class=\"text-white text-decoration-none\" href=\"https:\/\/iicvilnius.esteri.it\/it\/lingua-e-cultura\/i-corsi-di-lingua\/\" title=\"Eiti \u012f puslap\u012f https:\/\/iicvilnius.esteri.it\/it\/lingua-e-cultura\/i-corsi-di-lingua\/\"> Iscriviti ai corsi di lingua italiana!<\/a><\/h2>\n                        <\/div>\n                    <\/div>\n                <\/div>\n            <\/div>\n    <\/section>\n        \n\n        <section class=\"container-fluid primary-bg\">\n        <div class=\"box-container-maxwidth argomenti\">\n            <div class=\"row p-md-5 p-2 text-center\">\n                <div class=\"col-md-3\">\n                    <h3 class=\"text-white\">Pirmame plane<\/h3>\n                <\/div>\n                <div class=\"col-md-9\">\n                                        <div class=\"chip chip-info chip-lg\">\n                        <a href=\"https:\/\/iicvilnius.esteri.it\/lt\/lingua-e-cultura\/i-corsi-di-lingua\/\" title=\"Eiti \u012f puslap\u012f Ital\u0173 kalbos kursai\" class=\"chip-label\">Ital\u0173 kalbos kursai<\/a>\n                    <\/div>\n                                        <div class=\"chip chip-info chip-lg\">\n                        <a href=\"https:\/\/iicvilnius.esteri.it\/lt\/lingua-e-cultura\/premi-alla-traduzione\/\" title=\"Eiti \u012f puslap\u012f Parama ital\u0173 gro\u017ein\u0117s ir mokslin\u0117s literat\u016bros vertimamas\" class=\"chip-label\">Parama ital\u0173 gro\u017ein\u0117s ir mokslin\u0117s literat\u016bros vertimamas<\/a>\n                    <\/div>\n                                        <div class=\"chip chip-info chip-lg\">\n                        <a href=\"https:\/\/iicvilnius.esteri.it\/lt\/lingua-e-cultura\/borse-di-studio\/\" title=\"Eiti \u012f puslap\u012f Stipendijos studijoms Italijoje 2026\/2027 m.m.\" class=\"chip-label\">Stipendijos studijoms Italijoje 2026\/2027 m.m.<\/a>\n                    <\/div>\n                                        <div class=\"chip chip-info chip-lg\">\n                        <a href=\"https:\/\/iicvilnius.esteri.it\/lt\/amministrazione-trasparente\/pranesimai\/\" title=\"Eiti \u012f puslap\u012f Prane\u0161imai\" class=\"chip-label\">Prane\u0161imai<\/a>\n                    <\/div>\n                                        <div class=\"chip chip-info chip-lg\">\n                        <a href=\"https:\/\/iicvilnius.esteri.it\/lt\/lingua-e-cultura\/biblioteca\/\" title=\"Eiti \u012f puslap\u012f Biblioteka\" class=\"chip-label\">Biblioteka<\/a>\n                    <\/div>\n                                    <\/div>\n            <\/div>\n        <\/div>\n    <\/section>\n        \n<section class=\"container-fluid c-line lightgrey-bg-a4 pb-5 pt-5\"><h3 class=\"h4 text-center\">N\u0117ra \u012fvyki\u0173, kuriuos b\u016bt\u0173 galima per\u017ei\u016br\u0117ti<\/h3><\/section>\n    <section class=\"container-fluid c-line lightgrey-bg-a4 pt-5 pb-5\">\n        <div class=\"container\">\n        <div class=\"row pb-5\">\n            <div class=\"col-md-12 text-center\">\n                <h3>Naujienos ir prane\u0161imai spaudai<\/h3>\n            <\/div>\n        <\/div>\n        <div class=\"row\">\n                        <div class=\"col-12 col-lg-8\">                <div>\n                <!--start card-->\n                <div class=\"card-wrapper \">\n                    <div class=\"card card-img c-line lightgrey-bg-a4\">\n                        <div class=\"img-responsive-wrapper\">\n                            <div class=\"img-responsive\">\n                                <figure class=\"img-wrapper\">\n                                    <a href=\"https:\/\/iicvilnius.esteri.it\/lt\/news\/dall_istituto\/2026\/03\/italijos-vyriausybes-stipendijos-2026-2027-m-m\/\" title=\"Perskaityk straipsn\u012f: Italijos vyriausyb\u0117s stipendijos 2026-2027 m.m.\">\n                                                                        <picture>\n                                        <source type=\"image\/webp\" srcset=\"https:\/\/iicvilnius.esteri.it\/wp-content\/themes\/sedi-tema\/assets\/img\/img-default.webp\">\n                                        <source type=\"image\/jpg\" srcset=\"https:\/\/iicvilnius.esteri.it\/wp-content\/themes\/sedi-tema\/assets\/img\/img-default.jpg\">\n                                        <img decoding=\"async\" loading=\"lazy\" class=\"img-fluid\" width=\"856\" height=\"524\" src=\"https:\/\/iicvilnius.esteri.it\/wp-content\/themes\/sedi-tema\/assets\/img\/img-default.jpg\" alt=\"Italijos vyriausyb\u0117s stipendijos 2026-2027 m.m.\" title=\"Italijos vyriausyb\u0117s stipendijos 2026-2027 m.m.\">\n                                    <\/picture>\n                                     \n                                    <\/a>\n                                <\/figure>\n                            <\/div>\n                        <\/div>\n                        <div class=\"card-body\">\n                            <div class=\"category-top \">\n                                <svg class=\"icon icon-sm\">\n                                    <use xlink:href=\"https:\/\/iicvilnius.esteri.it\/wp-content\/themes\/sedi-tema\/assets\/svg\/sprites.svg#it-calendar\"><\/use>\n                                <\/svg>\n                            <!-- <a class=\"category\" title=\"Vai alla pagina: Approfondimenti\" href=\"https:\/\/www.esteri.it\/it\/sala_stampa\/archivionotizie\/approfondimenti\/\">Approfondimenti<\/a> -->\n                                <span class=\"ms-2\">17 Kov 2026<\/span>\n                            <\/div>\n                        <p class=\"h4 mb-2\"><a class=\"text-decoration-none text-body\" href=\"https:\/\/iicvilnius.esteri.it\/lt\/news\/dall_istituto\/2026\/03\/italijos-vyriausybes-stipendijos-2026-2027-m-m\/\" title=\"Perskaityk straipsn\u012f: Italijos vyriausyb\u0117s stipendijos 2026-2027 m.m.\">Italijos vyriausyb\u0117s stipendijos 2026-2027 m.m.<\/a><\/p>\n                        <p class=\"card-text\">Jau paskelbtas 2026\/2027 m.m. Italijos vyriausyb\u0117s stipendij\u0173, teikiam\u0173 studentams i\u0161 u\u017esienio \u0161ali\u0173 bei u\u017esienyje gyvenantiems Italijos pilie\u010diams (IRE), konkursas. Lietuvos...<\/p>\n                        <a class=\"read-more\" href=\"https:\/\/iicvilnius.esteri.it\/lt\/news\/dall_istituto\/2026\/03\/italijos-vyriausybes-stipendijos-2026-2027-m-m\/\" title=\"Perskaityk straipsn\u012f: Italijos vyriausyb\u0117s stipendijos 2026-2027 m.m.\">\n                            <span class=\"text\">Pla\u010diau<\/span>\n                            <svg class=\"icon\">\n                            <use href=\"https:\/\/iicvilnius.esteri.it\/wp-content\/themes\/sedi-tema\/assets\/svg\/sprites.svg#it-arrow-right\"><\/use>\n                            <\/svg><\/a>\n                        <\/div>\n                    <\/div>\n                <\/div>\n                <!--end card-->\n                <\/div>\n            <\/div>                        <div class=\"col-12 col-lg-4\">                <div>\n                <!--start card-->\n                <div class=\"card-wrapper card-space\">\n                    <div class=\"card card-img card-bg no-after\">\n                        <div class=\"img-responsive-wrapper\">\n                            <div class=\"img-responsive\">\n                                <figure class=\"img-wrapper\">\n                                    <a href=\"https:\/\/iicvilnius.esteri.it\/lt\/news\/dall_istituto\/2026\/02\/parama-italisku-knygu-vertimams\/\" title=\"Perskaityk straipsn\u012f: Parama itali\u0161k\u0173 knyg\u0173 vertimams\">\n                                                                        <picture>\n                                        <source type=\"image\/webp\" srcset=\"https:\/\/iicvilnius.esteri.it\/wp-content\/themes\/sedi-tema\/assets\/img\/img-default.webp\">\n                                        <source type=\"image\/jpg\" srcset=\"https:\/\/iicvilnius.esteri.it\/wp-content\/themes\/sedi-tema\/assets\/img\/img-default.jpg\">\n                                        <img decoding=\"async\" loading=\"lazy\" class=\"img-fluid\" width=\"416\" height=\"254\" src=\"https:\/\/iicvilnius.esteri.it\/wp-content\/themes\/sedi-tema\/assets\/img\/img-default.jpg\" alt=\"Parama itali\u0161k\u0173 knyg\u0173 vertimams\" title=\"Parama itali\u0161k\u0173 knyg\u0173 vertimams\">\n                                    <\/picture>\n                                     \n                                    <\/a>\n                                <\/figure>\n                            <\/div>\n                        <\/div>\n                        <div class=\"card-body\">\n                            <div class=\"category-top cat-lat\">\n                                <svg class=\"icon icon-sm\">\n                                    <use xlink:href=\"https:\/\/iicvilnius.esteri.it\/wp-content\/themes\/sedi-tema\/assets\/svg\/sprites.svg#it-calendar\"><\/use>\n                                <\/svg>\n                            <!-- <a class=\"category\" title=\"Vai alla pagina: Approfondimenti\" href=\"https:\/\/www.esteri.it\/it\/sala_stampa\/archivionotizie\/approfondimenti\/\">Approfondimenti<\/a> -->\n                                <span class=\"ms-2\">24 Vas 2026<\/span>\n                            <\/div>\n                        <p class=\"h6 card-title mb-5\"><a class=\"text-decoration-none text-body\" href=\"https:\/\/iicvilnius.esteri.it\/lt\/news\/dall_istituto\/2026\/02\/parama-italisku-knygu-vertimams\/\" title=\"Perskaityk straipsn\u012f: Parama itali\u0161k\u0173 knyg\u0173 vertimams\">Parama itali\u0161k\u0173 knyg\u0173 vertimams<\/a><\/p>\n                        <p class=\"card-text\"><\/p>\n                        <a class=\"read-more\" href=\"https:\/\/iicvilnius.esteri.it\/lt\/news\/dall_istituto\/2026\/02\/parama-italisku-knygu-vertimams\/\" title=\"Perskaityk straipsn\u012f: Parama itali\u0161k\u0173 knyg\u0173 vertimams\">\n                            <span class=\"text\">Pla\u010diau<\/span>\n                            <svg class=\"icon\">\n                            <use href=\"https:\/\/iicvilnius.esteri.it\/wp-content\/themes\/sedi-tema\/assets\/svg\/sprites.svg#it-arrow-right\"><\/use>\n                            <\/svg><\/a>\n                        <\/div>\n                    <\/div>\n                <\/div>\n                <!--end card-->\n                <\/div>\n                                                    <div>\n                <!--start card-->\n                <div class=\"card-wrapper card-space\">\n                    <div class=\"card card-img card-bg no-after\">\n                        <div class=\"img-responsive-wrapper\">\n                            <div class=\"img-responsive\">\n                                <figure class=\"img-wrapper\">\n                                    <a href=\"https:\/\/iicvilnius.esteri.it\/lt\/news\/dall_istituto\/2026\/02\/pranesimas-apie-instituto-veiklos-remima\/\" title=\"Perskaityk straipsn\u012f: Prane\u0161imas apie Instituto \u200b\u200bveiklos r\u0117mim\u0105\">\n                                                                        <picture>\n                                        <source type=\"image\/webp\" srcset=\"https:\/\/iicvilnius.esteri.it\/wp-content\/themes\/sedi-tema\/assets\/img\/img-default.webp\">\n                                        <source type=\"image\/jpg\" srcset=\"https:\/\/iicvilnius.esteri.it\/wp-content\/themes\/sedi-tema\/assets\/img\/img-default.jpg\">\n                                        <img decoding=\"async\" loading=\"lazy\" class=\"img-fluid\" width=\"416\" height=\"254\" src=\"https:\/\/iicvilnius.esteri.it\/wp-content\/themes\/sedi-tema\/assets\/img\/img-default.jpg\" alt=\"Prane\u0161imas apie Instituto \u200b\u200bveiklos r\u0117mim\u0105\" title=\"Prane\u0161imas apie Instituto \u200b\u200bveiklos r\u0117mim\u0105\">\n                                    <\/picture>\n                                     \n                                    <\/a>\n                                <\/figure>\n                            <\/div>\n                        <\/div>\n                        <div class=\"card-body\">\n                            <div class=\"category-top cat-lat\">\n                                <svg class=\"icon icon-sm\">\n                                    <use xlink:href=\"https:\/\/iicvilnius.esteri.it\/wp-content\/themes\/sedi-tema\/assets\/svg\/sprites.svg#it-calendar\"><\/use>\n                                <\/svg>\n                            <!-- <a class=\"category\" title=\"Vai alla pagina: Approfondimenti\" href=\"https:\/\/www.esteri.it\/it\/sala_stampa\/archivionotizie\/approfondimenti\/\">Approfondimenti<\/a> -->\n                                <span class=\"ms-2\">19 Vas 2026<\/span>\n                            <\/div>\n                        <p class=\"h6 card-title mb-5\"><a class=\"text-decoration-none text-body\" href=\"https:\/\/iicvilnius.esteri.it\/lt\/news\/dall_istituto\/2026\/02\/pranesimas-apie-instituto-veiklos-remima\/\" title=\"Perskaityk straipsn\u012f: Prane\u0161imas apie Instituto \u200b\u200bveiklos r\u0117mim\u0105\">Prane\u0161imas apie Instituto \u200b\u200bveiklos r\u0117mim\u0105<\/a><\/p>\n                        <p class=\"card-text\"><\/p>\n                        <a class=\"read-more\" href=\"https:\/\/iicvilnius.esteri.it\/lt\/news\/dall_istituto\/2026\/02\/pranesimas-apie-instituto-veiklos-remima\/\" title=\"Perskaityk straipsn\u012f: Prane\u0161imas apie Instituto \u200b\u200bveiklos r\u0117mim\u0105\">\n                            <span class=\"text\">Pla\u010diau<\/span>\n                            <svg class=\"icon\">\n                            <use href=\"https:\/\/iicvilnius.esteri.it\/wp-content\/themes\/sedi-tema\/assets\/svg\/sprites.svg#it-arrow-right\"><\/use>\n                            <\/svg><\/a>\n                        <\/div>\n                    <\/div>\n                <\/div>\n                <!--end card-->\n                <\/div>\n            <\/div>                    <\/div>\n        <\/div>\n    <\/section>\n        \n        <!-- Sezione siti tematici -->\n        <section class=\"container pt-5 pb-5\">\n          <div class=\"row pt-5\">\n              <div class=\"col-12 text-center\">\n                <h3>Italijos URM portalai<\/h3>\n            <\/div>\n          <\/div>\n          <div class=\"py-4\">\n            <div class=\"card-wrapper card-teaser-wrapper card-teaser-wrapper-equal card-teaser-block-3\">\n                            <div class=\"card card-teaser card-bg-success rounded\">\n                    <div class=\"avatar siti-tematici-img size-lg me-3 rounded-0 bg-transparent\">\n                    <picture>\n                        <source type=\"image\/webp\" srcset=\"https:\/\/iicvilnius.esteri.it\/wp-content\/themes\/sedi-tema\/assets\/img\/icone-portali\/2x\/office-2x.webp 2x,https:\/\/iicvilnius.esteri.it\/wp-content\/themes\/sedi-tema\/assets\/img\/icone-portali\/1x\/office.webp 1x\" >\n                        <source type=\"image\/png\" srcset=\"https:\/\/iicvilnius.esteri.it\/wp-content\/themes\/sedi-tema\/assets\/img\/icone-portali\/office.png\" >\n                        <img decoding=\"async\" loading=\"lazy\" width=\"40\" height=\"40\" class=\"rounded-0\" src=\"https:\/\/iicvilnius.esteri.it\/wp-content\/themes\/sedi-tema\/assets\/img\/icone-portali\/office.png\"  alt=\"Innovitalia\" >\n                    <\/picture> \n                    <\/div>\n                    <div class=\"card-body\">\n                    <a class=\"text-white siti-tematici text-decoration-none\" title=\"Eikite \u012f portal\u0105 Innovitalia\" target=\"_blank\" href=\"https:\/\/innovitalia.esteri.it\/\" rel=\"noopener\">\n                    <p class=\"card-title h4\">\n                        Innovitalia                    <\/p>\n                    <p class=\"card-text text-sans-serif\">\n                        Web portal of Scientific Diplomacy and Italian researchers in the world                    <\/p>\n                    <\/a>\n                    <\/div>\n                <\/div>\n                        <\/div>\n          <\/div>\n          <div class=\"row mb-4\">\n            <div class=\"col-md-12 text-center\">\n              <a class=\"btn btn-outline-primary\" target=\"_blank\" rel=\"noopener\" title=\"Visi portalai\" href=\"https:\/\/www.esteri.it\/it\/ministero\/portali-del-ministero-degli-affari-esteri\/\">Visi portalai<\/a>\n           <\/div>\n          <\/div>\n        <\/section>\n        \n        <section class=\"container-fluid pt-5 pb-5\">\n            <div class=\"container\">\n                <div class=\"row\">\n                    <div class=\"col-12 text-center mb-5\">\n                        <h3>Sek mus socialiniuose tinkluose<\/h3>\n                    <\/div>\n                <\/div>\n                <div class=\"row text-center\">\n                                        <div class=\"col \">\n                        <a target=\"_blank\" href=\"https:\/\/www.facebook.com\/IIC.Vilnius\/\" title=\"Eikite \u012f kanal\u0105 facebook\" rel=\"noopener\">\n                            <picture>\n                                <source type=\"image\/webp\" srcset=\"https:\/\/iicvilnius.esteri.it\/wp-content\/themes\/sedi-tema\/assets\/img\/social-ico\/2x\/facebook-ico-2x.webp 2x,https:\/\/iicvilnius.esteri.it\/wp-content\/themes\/sedi-tema\/assets\/img\/social-ico\/1x\/facebook-ico.webp 1x\" >\n                                <source type=\"image\/png\" srcset=\"https:\/\/iicvilnius.esteri.it\/wp-content\/themes\/sedi-tema\/assets\/img\/social-ico\/facebook-ico.png\" >\n                                <img decoding=\"async\" loading=\"lazy\" width=\"100\" height=\"100\" src=\"https:\/\/iicvilnius.esteri.it\/wp-content\/themes\/sedi-tema\/assets\/img\/social-ico\/facebook-ico.png\" class=\"figure-img ico-social\" alt=\"Social facebook\" >\n                            <\/picture> \n                        <\/a>\n                    <\/div>\n                                    <\/div>\n                <div class=\"row mb-4 mt-4\">\n                    <div class=\"col-md-12 text-center\">\n                        <a class=\"btn btn-outline-primary\" target=\"_blank\" rel=\"noopener\" title=\"Visi Italijos URM socialiniai tinklai\" href=\"https:\/\/www.esteri.it\/it\/sala_stampa\/socialfarnesina\/\">Visi Italijos URM socialiniai tinklai<\/a>\n                    <\/div>\n                <\/div>\n            <\/div>\n        <\/section>\n       \n        <!-- Blocco Banner -->\n        <section class=\"container-fluid c-line lightgrey-bg-a4 pb-5 pt-5 banners-hp\">\n          <h2 class=\"visually-hidden\">Blocco Banner<\/h2>\n                    <div class=\"container\">\n            <div class=\"row\">\n                            <div class=\"col-lg-4\">\n                <div class=\"it-grid-item-wrapper\">\n                    <div class=\"img-responsive-wrapper\">\n                        <div class=\"img-responsive\">\n                            <div class=\"img-wrapper\">\n                                <!-- <figure class=\"figure mt-5 mb-5\"> -->\n                                <a href=\"https:\/\/www.esteri.it\/it\/politica-estera-e-cooperazione-allo-sviluppo\/aree_geografiche\/europa\/litalia-a-sostegno-dellucraina\/\" title=\"Eiti \u012f puslap\u012f https:\/\/www.esteri.it\/it\/politica-estera-e-cooperazione-allo-sviluppo\/aree_geografiche\/europa\/litalia-a-sostegno-dellucraina\/\" target=\"_blank\">\n                                    <img decoding=\"async\" loading=\"lazy\" width=\"640\" height=\"427\" src=\"https:\/\/iicvilnius.esteri.it\/wp-content\/uploads\/2023\/04\/LItalia-e-il-conflitto-in-Ucraina-2-768x512.jpg\" srcset=\"https:\/\/iicvilnius.esteri.it\/wp-content\/uploads\/2023\/04\/LItalia-e-il-conflitto-in-Ucraina-2.jpg 1024w, https:\/\/iicvilnius.esteri.it\/wp-content\/uploads\/2023\/04\/LItalia-e-il-conflitto-in-Ucraina-2-300x200.jpg 300w, https:\/\/iicvilnius.esteri.it\/wp-content\/uploads\/2023\/04\/LItalia-e-il-conflitto-in-Ucraina-2-768x512.jpg 768w\" class=\"figure-img img-fluid\" alt=\"Eiti \u012f puslap\u012f https:\/\/www.esteri.it\/it\/politica-estera-e-cooperazione-allo-sviluppo\/aree_geografiche\/europa\/litalia-a-sostegno-dellucraina\/\" > \n                                <!-- <\/figure> -->\n                                <\/a>\n                            <\/div>\n                        <\/div>\n                    <\/div>\n                <\/div>\n              <\/div>\n                            <div class=\"col-lg-4\">\n                <div class=\"it-grid-item-wrapper\">\n                    <div class=\"img-responsive-wrapper\">\n                        <div class=\"img-responsive\">\n                            <div class=\"img-wrapper\">\n                                <!-- <figure class=\"figure mt-5 mb-5\"> -->\n                                <a href=\"https:\/\/www.esteri.it\/it\/ministero\/normativaonline\/informazioni-sugli-spostamenti-dallitalia-verso-lestero\/\" title=\"Eiti \u012f puslap\u012f https:\/\/www.esteri.it\/it\/ministero\/normativaonline\/informazioni-sugli-spostamenti-dallitalia-verso-lestero\/\" target=\"_blank\">\n                                    <img decoding=\"async\" loading=\"lazy\" width=\"640\" height=\"421\" src=\"https:\/\/iicvilnius.esteri.it\/wp-content\/uploads\/2023\/04\/informazioni-sugli-spostamenti-dallitalia-verso-estero-768x505.jpg\" srcset=\"https:\/\/iicvilnius.esteri.it\/wp-content\/uploads\/2023\/04\/informazioni-sugli-spostamenti-dallitalia-verso-estero.jpg 1600w, https:\/\/iicvilnius.esteri.it\/wp-content\/uploads\/2023\/04\/informazioni-sugli-spostamenti-dallitalia-verso-estero-300x197.jpg 300w, https:\/\/iicvilnius.esteri.it\/wp-content\/uploads\/2023\/04\/informazioni-sugli-spostamenti-dallitalia-verso-estero-1024x674.jpg 1024w, https:\/\/iicvilnius.esteri.it\/wp-content\/uploads\/2023\/04\/informazioni-sugli-spostamenti-dallitalia-verso-estero-768x505.jpg 768w\" class=\"figure-img img-fluid\" alt=\"Eiti \u012f puslap\u012f https:\/\/www.esteri.it\/it\/ministero\/normativaonline\/informazioni-sugli-spostamenti-dallitalia-verso-lestero\/\" > \n                                <!-- <\/figure> -->\n                                <\/a>\n                            <\/div>\n                        <\/div>\n                    <\/div>\n                <\/div>\n              <\/div>\n                            <div class=\"col-lg-4\">\n                <div class=\"it-grid-item-wrapper\">\n                    <div class=\"img-responsive-wrapper\">\n                        <div class=\"img-responsive\">\n                            <div class=\"img-wrapper\">\n                                <!-- <figure class=\"figure mt-5 mb-5\"> -->\n                                <a href=\"https:\/\/www.viaggiaresicuri.it\/home\" title=\"Eiti \u012f puslap\u012f https:\/\/www.viaggiaresicuri.it\/home\" target=\"_blank\">\n                                    <img decoding=\"async\" loading=\"lazy\" width=\"640\" height=\"423\" src=\"https:\/\/iicvilnius.esteri.it\/wp-content\/uploads\/2023\/08\/unita-crisi-768x507.jpeg\" srcset=\"https:\/\/iicvilnius.esteri.it\/wp-content\/uploads\/2023\/08\/unita-crisi.jpeg 796w, https:\/\/iicvilnius.esteri.it\/wp-content\/uploads\/2023\/08\/unita-crisi-300x198.jpeg 300w, https:\/\/iicvilnius.esteri.it\/wp-content\/uploads\/2023\/08\/unita-crisi-768x507.jpeg 768w\" class=\"figure-img img-fluid\" alt=\"Eiti \u012f puslap\u012f https:\/\/www.viaggiaresicuri.it\/home\" > \n                                <!-- <\/figure> -->\n                                <\/a>\n                            <\/div>\n                        <\/div>\n                    <\/div>\n                <\/div>\n              <\/div>\n                          <\/div>\n          <\/div>\n                  <\/section>\n        \n","protected":false},"excerpt":{"rendered":"","protected":false},"author":1,"featured_media":0,"parent":0,"menu_order":0,"comment_status":"closed","ping_status":"closed","template":"page-home.php","meta":{"footnotes":""},"class_list":["post-85","page","type-page","status-publish","hentry"],"_links":{"self":[{"href":"https:\/\/iicvilnius.esteri.it\/lt\/wp-json\/wp\/v2\/pages\/85","targetHints":{"allow":["GET"]}}],"collection":[{"href":"https:\/\/iicvilnius.esteri.it\/lt\/wp-json\/wp\/v2\/pages"}],"about":[{"href":"https:\/\/iicvilnius.esteri.it\/lt\/wp-json\/wp\/v2\/types\/page"}],"author":[{"embeddable":true,"href":"https:\/\/iicvilnius.esteri.it\/lt\/wp-json\/wp\/v2\/users\/1"}],"replies":[{"embeddable":true,"href":"https:\/\/iicvilnius.esteri.it\/lt\/wp-json\/wp\/v2\/comments?post=85"}],"version-history":[{"count":6,"href":"https:\/\/iicvilnius.esteri.it\/lt\/wp-json\/wp\/v2\/pages\/85\/revisions"}],"predecessor-version":[{"id":1154,"href":"https:\/\/iicvilnius.esteri.it\/lt\/wp-json\/wp\/v2\/pages\/85\/revisions\/1154"}],"wp:attachment":[{"href":"https:\/\/iicvilnius.esteri.it\/lt\/wp-json\/wp\/v2\/media?parent=85"}],"curies":[{"name":"wp","href":"https:\/\/api.w.org\/{rel}","templated":true}]}}