{"id":89,"date":"2023-04-03T20:29:59","date_gmt":"2023-04-03T17:29:59","guid":{"rendered":"https:\/\/iicvilnius.esteri.it\/chi-siamo\/"},"modified":"2024-06-04T14:45:33","modified_gmt":"2024-06-04T11:45:33","slug":"chi-siamo","status":"publish","type":"page","link":"https:\/\/iicvilnius.esteri.it\/lt\/chi-siamo\/","title":{"rendered":"Kas mes esame"},"content":{"rendered":"<p>Ital\u0173 kult\u016bros institutas Vilniuje yra oficialus Italijos valstyb\u0117s organas, kurio tikslas &#8211; populiarinti ir skleisti ital\u0173 kalb\u0105 ir kult\u016br\u0105 Lietuvoje, organizuojant ital\u0173 kalbos kursus bei kult\u016brinius renginius ir taip skatinant id\u0117j\u0173, men\u0173 ir moksl\u0173 mainus.<\/p>\n<p>Ital\u0173 kult\u016bros institutas Vilniuje organizuoja ital\u0173 kalbos ir kult\u016bros kursus, dvi egzamin\u0173, skirt\u0173 gauti ital\u0173, kaip u\u017esienio kalbos, diplomui, sesijas per metus; turi bibliotek\u0105 ir gali suteikti informacijos apie Italijos kult\u016br\u0105 ir studijas.<\/p>\n<p>Norintiems sekti Instituto veikl\u0105 ir naudotis jo paslaugomis, rekomenduojame \u012fsigyti Instituto kortel\u0119. Metinis abonementas kainuoja 18\u20ac (9\u20ac moksleiviams, studentams ir senatv\u0117s pensininkams).<\/p>\n<p>Kortel\u0117 suteikia teis\u0119 lankytis bibliotekoje ir skolintis knygas \u012f namus. Kortel\u0117s tur\u0117tojo elektroninio pa\u0161to adresas bus \u012ftrauktas \u012f sara\u0161\u0105 \u017emoni\u0173, kuriems siun\u010diamos naujienos apie Ital\u0173 kult\u016bros instituto organizuojamus renginius.<\/p>\n","protected":false},"excerpt":{"rendered":"Ital\u0173 kult\u016bros institutas Vilniuje yra oficialus Italijos valstyb\u0117s organas, kurio tikslas &#8211; populiarinti ir skleisti ital\u0173 kalb\u0105 ir kult\u016br\u0105 Lietuvoje, organizuojant ital\u0173 kalbos kursus bei kult\u016brinius renginius ir taip skatinant id\u0117j\u0173, men\u0173 ir moksl\u0173 mainus. Ital\u0173 kult\u016bros institutas Vilniuje organizuoja ital\u0173 kalbos ir kult\u016bros kursus, dvi egzamin\u0173, skirt\u0173 gauti ital\u0173, kaip u\u017esienio kalbos, diplomui, sesijas [&hellip;]","protected":false},"author":1,"featured_media":0,"parent":0,"menu_order":2,"comment_status":"closed","ping_status":"closed","template":"","meta":{"footnotes":""},"class_list":["post-89","page","type-page","status-publish","hentry"],"_links":{"self":[{"href":"https:\/\/iicvilnius.esteri.it\/lt\/wp-json\/wp\/v2\/pages\/89","targetHints":{"allow":["GET"]}}],"collection":[{"href":"https:\/\/iicvilnius.esteri.it\/lt\/wp-json\/wp\/v2\/pages"}],"about":[{"href":"https:\/\/iicvilnius.esteri.it\/lt\/wp-json\/wp\/v2\/types\/page"}],"author":[{"embeddable":true,"href":"https:\/\/iicvilnius.esteri.it\/lt\/wp-json\/wp\/v2\/users\/1"}],"replies":[{"embeddable":true,"href":"https:\/\/iicvilnius.esteri.it\/lt\/wp-json\/wp\/v2\/comments?post=89"}],"version-history":[{"count":4,"href":"https:\/\/iicvilnius.esteri.it\/lt\/wp-json\/wp\/v2\/pages\/89\/revisions"}],"predecessor-version":[{"id":1465,"href":"https:\/\/iicvilnius.esteri.it\/lt\/wp-json\/wp\/v2\/pages\/89\/revisions\/1465"}],"wp:attachment":[{"href":"https:\/\/iicvilnius.esteri.it\/lt\/wp-json\/wp\/v2\/media?parent=89"}],"curies":[{"name":"wp","href":"https:\/\/api.w.org\/{rel}","templated":true}]}}