{"id":93,"date":"2023-04-03T20:30:34","date_gmt":"2023-04-03T17:30:34","guid":{"rendered":"https:\/\/iicvilnius.esteri.it\/lingua-e-cultura\/"},"modified":"2024-01-16T11:10:00","modified_gmt":"2024-01-16T09:10:00","slug":"lingua-e-cultura","status":"publish","type":"page","link":"https:\/\/iicvilnius.esteri.it\/lt\/lingua-e-cultura\/","title":{"rendered":"Kalba ir kult\u016bra"},"content":{"rendered":"<p>Kasmet viso pasaulio \u0161alyse, be Italijos, pus\u0117 milijono \u017emoni\u0173 lanko ital\u0173 kalbos kursus. Kod\u0117l?<\/p>\n<p>Ital\u0173 kalba \u2013 tai kult\u016bros kalba. J\u0105 mok\u0117damas, tu gali prieiti prie ypa\u010d svarbi\u0173 Europos istorijai literat\u016bros turt\u0173, skaityti vertingus humanitarinius ir mokslinius tekstus, steb\u0117ti Italijos teatro, muzikos, operos, kino ir televizijos spektaklius.<\/p>\n<p>Ital\u0173 kalba \u2013 tai studij\u0173 kalba. Daug student\u0173 kasmet nusprend\u017eia studijuoti m\u016bs\u0173 mokyklose, universitetuose, akademijose, lankytis bibliotekose.<\/p>\n<p>Ital\u0173 kalba \u2013 tai darbo kalba. Vadybininkai, investitoriai, technikai, darbininkai, \u012fvairi\u0173 sri\u010di\u0173 darbuotojai susiduria su Italijos pramon\u0117s, amat\u0173 ir paslaug\u0173 pasauliu, per\u017eengian\u010diu m\u016bs\u0173 \u0161alies ribas.<\/p>\n","protected":false},"excerpt":{"rendered":"Kasmet viso pasaulio \u0161alyse, be Italijos, pus\u0117 milijono \u017emoni\u0173 lanko ital\u0173 kalbos kursus. Kod\u0117l? Ital\u0173 kalba \u2013 tai kult\u016bros kalba. J\u0105 mok\u0117damas, tu gali prieiti prie ypa\u010d svarbi\u0173 Europos istorijai literat\u016bros turt\u0173, skaityti vertingus humanitarinius ir mokslinius tekstus, steb\u0117ti Italijos teatro, muzikos, operos, kino ir televizijos spektaklius. Ital\u0173 kalba \u2013 tai studij\u0173 kalba. Daug student\u0173 [&hellip;]","protected":false},"author":1,"featured_media":0,"parent":0,"menu_order":4,"comment_status":"closed","ping_status":"closed","template":"","meta":{"footnotes":""},"class_list":["post-93","page","type-page","status-publish","hentry"],"_links":{"self":[{"href":"https:\/\/iicvilnius.esteri.it\/lt\/wp-json\/wp\/v2\/pages\/93","targetHints":{"allow":["GET"]}}],"collection":[{"href":"https:\/\/iicvilnius.esteri.it\/lt\/wp-json\/wp\/v2\/pages"}],"about":[{"href":"https:\/\/iicvilnius.esteri.it\/lt\/wp-json\/wp\/v2\/types\/page"}],"author":[{"embeddable":true,"href":"https:\/\/iicvilnius.esteri.it\/lt\/wp-json\/wp\/v2\/users\/1"}],"replies":[{"embeddable":true,"href":"https:\/\/iicvilnius.esteri.it\/lt\/wp-json\/wp\/v2\/comments?post=93"}],"version-history":[{"count":4,"href":"https:\/\/iicvilnius.esteri.it\/lt\/wp-json\/wp\/v2\/pages\/93\/revisions"}],"predecessor-version":[{"id":1263,"href":"https:\/\/iicvilnius.esteri.it\/lt\/wp-json\/wp\/v2\/pages\/93\/revisions\/1263"}],"wp:attachment":[{"href":"https:\/\/iicvilnius.esteri.it\/lt\/wp-json\/wp\/v2\/media?parent=93"}],"curies":[{"name":"wp","href":"https:\/\/api.w.org\/{rel}","templated":true}]}}