{"id":94,"date":"2023-04-03T20:55:37","date_gmt":"2023-04-03T17:55:37","guid":{"rendered":"https:\/\/iicvilnius.esteri.it\/lingua-e-cultura\/i-corsi-di-lingua\/"},"modified":"2025-11-27T18:02:27","modified_gmt":"2025-11-27T16:02:27","slug":"i-corsi-di-lingua","status":"publish","type":"page","link":"https:\/\/iicvilnius.esteri.it\/lt\/lingua-e-cultura\/i-corsi-di-lingua\/","title":{"rendered":"Ital\u0173 kalbos kursai"},"content":{"rendered":"<p><img loading=\"lazy\" decoding=\"async\" class=\"img-fluid alignnone wp-image-2360 size-medium\" src=\"https:\/\/iicvilnius.esteri.it\/wp-content\/uploads\/2025\/09\/fb-virselis_galutinis-16-16-min-300x136.png\" alt=\"\" width=\"300\" height=\"136\" srcset=\"https:\/\/iicvilnius.esteri.it\/wp-content\/uploads\/2025\/09\/fb-virselis_galutinis-16-16-min-300x136.png 300w, https:\/\/iicvilnius.esteri.it\/wp-content\/uploads\/2025\/09\/fb-virselis_galutinis-16-16-min-1024x463.png 1024w, https:\/\/iicvilnius.esteri.it\/wp-content\/uploads\/2025\/09\/fb-virselis_galutinis-16-16-min-768x347.png 768w, https:\/\/iicvilnius.esteri.it\/wp-content\/uploads\/2025\/09\/fb-virselis_galutinis-16-16-min.png 1920w\" sizes=\"auto, (max-width: 300px) 100vw, 300px\" \/><\/p>\n<p><span class=\"titoloPagina\"><strong>ITAL\u0172 KALBOS IR KULT\u016aROS KURSAI<\/strong><\/span><em><span class=\"titoloPagina\"><strong><br \/>\n<\/strong><\/span><\/em><\/p>\n<p>Kurs\u0173 lygiai yra suskirstyti pagal Europos tarybos u\u017esienio kalb\u0173 mokymosi kriterijus:<br \/>\nPradedantysis vartotojas &#8211; A1.1, A1.2, A2.1 ir A2.2<br \/>\nNepriklausomas vartotojas: &#8211; B1.1., B1.2 ir B2.1, B2.2<br \/>\nPa\u017eeng\u0119s vartotojas &#8211; C1.1, C1.2 ir C2.<br \/>\nLygio nustatymo testas patikrins turimas \u017einias.<\/p>\n<p><em><span class=\"titoloRosso\">Paprastieji kursai <\/span><\/em><br \/>\nPaprastieji kursai yra suskirsyti trimestrais po 40 ak. val., u\u017esi\u0117mimai vyksta du kartus per savait\u0119 po 2 akademines valandas arba savaitgaliais po 3 akademines valandas: \u0161e\u0161tadieniais nuo 9 ir nuo 12 val., o sekmadieniais tik nuotoliu nuo 18 val.<\/p>\n<p><span class=\"titoloRosso\"><em>Intensyv\u016bs kursai<\/em><br \/>\n<\/span>Kiekvien\u0105 vasar\u0105\u00a0rengiame intensyvius kalbos kursus:\u00a020 pamok\u0173\u00a0kasdien darbo dienomis\u00a0po 2 akademines valandas!<\/p>\n<p><em>Teminiai kursai<\/em><strong><br \/>\n<\/strong>Skirti jau pramokusiems ital\u0173 kalbos ir pasiekusiems B1\/B2 lyg\u012f. Vien\u0105 kart\u0105 per savait\u0119 po 2 ak. val.: teminiai ital\u0173 kalbos kursai, skirti visiems, kas nori pagilinti savo kalbos \u017einias \u012fvairiose srityse: mene,\u00a0versle, virtuv\u0117je ir t.t.<br \/>\n<span class=\"titoloRosso\"><br \/>\n<\/span><em>Parengiamieji kursai CILS egzaminui<strong><br \/>\n<\/strong><\/em>Jei ketinate laikyti CILS egzamin\u0105 oficialiam ital\u0173 kalbos \u017eini\u0173 sertifikatui gauti, si\u016blome lankyti \u0161iuos kursus: j\u016bs ne tik pakartosite reikalingas \u017einias, bet ir i\u0161moksite atlikti u\u017eduotis per nurodyt\u0105 laik\u0105, kaip tikrame egzamine. Kursai rengiami tik u\u017esiregistravusi\u0173j\u0173 laikyti CILS egzamin\u0105 pageidavimu.<strong><br \/>\n<\/strong><\/p>\n<p><em>Privat\u016bs kursai<\/em><br \/>\nJei jums labiau patinka mokytis vieniems ar jei netinka nei vienas i\u0161 m\u016bs\u0173 si\u016blom\u0173 tvarkara\u0161\u010di\u0173, galite rinktis priva\u010dius kursus: klas\u0117je tik j\u016bs ir mokytojas.<\/p>\n<p>Smulkesn\u0119 informacij\u0105 apie kainas ir registracijos s\u0105lygas rasite <a href=\"https:\/\/iicvilnius.esteri.it\/lt\/lingua-e-cultura\/i-corsi-di-lingua\/kursu-kalendorius\/\">\u010dia<\/a><a href=\"http:\/\/www.iicvilnius.esteri.it\/iic_vilnius\/_Vilnius\/Menu\/Imparare_Italiano\/I_corsi_di_lingua\/Come_e_quando_iscriversi\"><span class=\"titoloRosso\"><br \/>\n<\/span><\/a><\/p>\n<hr \/>\n<p>Mokytis ital\u0173 kalbos Ital\u0173 kult\u016bros institute Vilniuje &#8211; tai galimyb\u0117 prisijungti prie \u012fvairiausi\u0173 grupi\u0173: kursus organizuojame visiems lygiams, nuo pat prad\u017ei\u0173 iki pa\u017eengusi\u0173j\u0173.<\/p>\n<p>Taip pat si\u016blome ir teminius kalbos kursus (pokalbio, \u017eini\u0173 gilinimo, o taip kursus \u012fvairiomis temomis) bei individualias pamokas.<\/p>\n<p>Ital\u0173 kult\u016bros institutas Vilniuje yra vienintel\u0117 institucija Lietuvoje, organizuojanti Sienos universiteto u\u017esienie\u010diams egzaminus CILS diplomams, pa\u017eymintiems ital\u0173 kaip u\u017esienio kalbos mok\u0117jimo lyg\u012f, gauti.<\/p>\n<p>Pamokas veda profesional\u016bs d\u0117stytojai, o sekretoriatas gali i\u0161duoti kurs\u0173 lankymo pa\u017eym\u0117jimus.<\/p>\n<p>U\u017esi\u0117mimai vyksta dinami\u0161koje ir kult\u016bri\u0161kai stimuliuojan\u010dioje aplinkoje; be to, kurs\u0173 lankytojai kvie\u010diami \u012f Ital\u0173 kult\u016bros institute organizuojamus renginius.<\/p>\n","protected":false},"excerpt":{"rendered":"ITAL\u0172 KALBOS IR KULT\u016aROS KURSAI Kurs\u0173 lygiai yra suskirstyti pagal Europos tarybos u\u017esienio kalb\u0173 mokymosi kriterijus: Pradedantysis vartotojas &#8211; A1.1, A1.2, A2.1 ir A2.2 Nepriklausomas vartotojas: &#8211; B1.1., B1.2 ir B2.1, B2.2 Pa\u017eeng\u0119s vartotojas &#8211; C1.1, C1.2 ir C2. Lygio nustatymo testas patikrins turimas \u017einias. Paprastieji kursai Paprastieji kursai yra suskirsyti trimestrais po 40 ak. [&hellip;]","protected":false},"author":1,"featured_media":0,"parent":93,"menu_order":0,"comment_status":"closed","ping_status":"closed","template":"","meta":{"footnotes":""},"class_list":["post-94","page","type-page","status-publish","hentry"],"_links":{"self":[{"href":"https:\/\/iicvilnius.esteri.it\/lt\/wp-json\/wp\/v2\/pages\/94","targetHints":{"allow":["GET"]}}],"collection":[{"href":"https:\/\/iicvilnius.esteri.it\/lt\/wp-json\/wp\/v2\/pages"}],"about":[{"href":"https:\/\/iicvilnius.esteri.it\/lt\/wp-json\/wp\/v2\/types\/page"}],"author":[{"embeddable":true,"href":"https:\/\/iicvilnius.esteri.it\/lt\/wp-json\/wp\/v2\/users\/1"}],"replies":[{"embeddable":true,"href":"https:\/\/iicvilnius.esteri.it\/lt\/wp-json\/wp\/v2\/comments?post=94"}],"version-history":[{"count":6,"href":"https:\/\/iicvilnius.esteri.it\/lt\/wp-json\/wp\/v2\/pages\/94\/revisions"}],"predecessor-version":[{"id":2786,"href":"https:\/\/iicvilnius.esteri.it\/lt\/wp-json\/wp\/v2\/pages\/94\/revisions\/2786"}],"up":[{"embeddable":true,"href":"https:\/\/iicvilnius.esteri.it\/lt\/wp-json\/wp\/v2\/pages\/93"}],"wp:attachment":[{"href":"https:\/\/iicvilnius.esteri.it\/lt\/wp-json\/wp\/v2\/media?parent=94"}],"curies":[{"name":"wp","href":"https:\/\/api.w.org\/{rel}","templated":true}]}}