{"id":95,"date":"2024-05-14T15:30:55","date_gmt":"2024-05-14T12:30:55","guid":{"rendered":"https:\/\/iicvilnius.esteri.it\/lingua-e-cultura\/borse-di-studio\/"},"modified":"2026-03-17T15:09:30","modified_gmt":"2026-03-17T13:09:30","slug":"borse-di-studio","status":"publish","type":"page","link":"https:\/\/iicvilnius.esteri.it\/lt\/lingua-e-cultura\/borse-di-studio\/","title":{"rendered":"Stipendijos"},"content":{"rendered":"<p style=\"text-align: center;\"><strong><span class=\"titoloPagina\">ITALIJOS VYRIAUSYB\u0116S STIPENDIJ\u0172 <\/span><span class=\"titoloPagina\">KONKURSAS NORINTIEMS STUDIJUOTI ITALIJOS UNIVERSITETUOSE BEI MENO IR MUZIKOS INSTITUTUOSE (AFAM)<br \/>\n<\/span><\/strong><\/p>\n<p style=\"text-align: center;\"><span class=\"titoloPagina\"><strong>2026\/2027 m.m.<\/strong><br \/>\n<\/span><\/p>\n<p>&nbsp;<\/p>\n<ul>\n<li>Konkurso s\u0105lyg\u0173 santrauka lietuvi\u0173 kalba: <a href=\"https:\/\/iicvilnius.esteri.it\/wp-content\/uploads\/2026\/03\/Italijos-vyriausybes-stipendijos-2026.pdf\">Konkurso s\u0105lygos lietuvi\u0173 kalba<\/a><\/li>\n<li>Konkurso s\u0105lygos ital\u0173 kalba:\u00a0 <a href=\"https:\/\/iicvilnius.esteri.it\/wp-content\/uploads\/2026\/03\/10334285Bando-26-27-ITA.pdf\">Bando di concorso in italiano<\/a><\/li>\n<li>Konurso s\u0105lygos angl\u0173 kalba:\u00a0<a href=\"https:\/\/iicvilnius.esteri.it\/wp-content\/uploads\/2026\/03\/10334286Bando-26-27-ENG.pdf\">Call for applications in English<\/a><\/li>\n<\/ul>\n<p>Nuoroda \u012f parai\u0161k\u0173 teikimo platform\u0105 &#8222;Study in Italy&#8221;: <a href=\"https:\/\/studyinitaly.esteri.it\/\">https:\/\/studyinitaly.esteri.it\/<\/a><a href=\"http:\/\/borseonline.esteri.it\/BorseOnLine\/\"><br \/>\n<\/a><\/p>\n<p>&nbsp;<\/p>\n","protected":false},"excerpt":{"rendered":"ITALIJOS VYRIAUSYB\u0116S STIPENDIJ\u0172 KONKURSAS NORINTIEMS STUDIJUOTI ITALIJOS UNIVERSITETUOSE BEI MENO IR MUZIKOS INSTITUTUOSE (AFAM) 2026\/2027 m.m. &nbsp; Konkurso s\u0105lyg\u0173 santrauka lietuvi\u0173 kalba: Konkurso s\u0105lygos lietuvi\u0173 kalba Konkurso s\u0105lygos ital\u0173 kalba:\u00a0 Bando di concorso in italiano Konurso s\u0105lygos angl\u0173 kalba:\u00a0Call for applications in English Nuoroda \u012f parai\u0161k\u0173 teikimo platform\u0105 &#8222;Study in Italy&#8221;: https:\/\/studyinitaly.esteri.it\/ &nbsp;","protected":false},"author":1,"featured_media":0,"parent":93,"menu_order":2,"comment_status":"closed","ping_status":"closed","template":"","meta":{"footnotes":""},"class_list":["post-95","page","type-page","status-publish","hentry"],"_links":{"self":[{"href":"https:\/\/iicvilnius.esteri.it\/lt\/wp-json\/wp\/v2\/pages\/95","targetHints":{"allow":["GET"]}}],"collection":[{"href":"https:\/\/iicvilnius.esteri.it\/lt\/wp-json\/wp\/v2\/pages"}],"about":[{"href":"https:\/\/iicvilnius.esteri.it\/lt\/wp-json\/wp\/v2\/types\/page"}],"author":[{"embeddable":true,"href":"https:\/\/iicvilnius.esteri.it\/lt\/wp-json\/wp\/v2\/users\/1"}],"replies":[{"embeddable":true,"href":"https:\/\/iicvilnius.esteri.it\/lt\/wp-json\/wp\/v2\/comments?post=95"}],"version-history":[{"count":6,"href":"https:\/\/iicvilnius.esteri.it\/lt\/wp-json\/wp\/v2\/pages\/95\/revisions"}],"predecessor-version":[{"id":2958,"href":"https:\/\/iicvilnius.esteri.it\/lt\/wp-json\/wp\/v2\/pages\/95\/revisions\/2958"}],"up":[{"embeddable":true,"href":"https:\/\/iicvilnius.esteri.it\/lt\/wp-json\/wp\/v2\/pages\/93"}],"wp:attachment":[{"href":"https:\/\/iicvilnius.esteri.it\/lt\/wp-json\/wp\/v2\/media?parent=95"}],"curies":[{"name":"wp","href":"https:\/\/api.w.org\/{rel}","templated":true}]}}