{"id":96,"date":"2023-04-03T20:56:11","date_gmt":"2023-04-03T17:56:11","guid":{"rendered":"https:\/\/iicvilnius.esteri.it\/lingua-e-cultura\/certificazioni\/"},"modified":"2025-11-27T18:04:05","modified_gmt":"2025-11-27T16:04:05","slug":"certificazioni","status":"publish","type":"page","link":"https:\/\/iicvilnius.esteri.it\/lt\/lingua-e-cultura\/certificazioni\/","title":{"rendered":"Sertifikatai"},"content":{"rendered":"<p>Ital\u0173 kalbos sertifikatai &#8211; tai dokumentai, kurie pa\u017eymi asmens geb\u0117jim\u0105 komunikuoti ital\u0173 kaip u\u017esienio kalba. Juos gauti gali visi u\u017esienio pilie\u010diai, ne Italijoje gyvenantys Italijos pilie\u010diai (ital\u0173 emigrant\u0173 palikuonys) ir imigrantai Italijoje.<\/p>\n<p>Egzaminus laikyti gali visi, n\u0117ra nustatytas joks minimalus i\u0161silavinimo lygis.<\/p>\n<p>Kad Ital\u0173 kult\u016bros institutuose visame pasaulyje b\u016bt\u0173 galima laikyti \u0161iuos egzaminus, Italijos u\u017esienio reikal\u0173 ir tarptautinio bendradarbiavimo ministerija yra pasira\u0161iusi susitarimus su \u0161iomis institucijomis:<\/p>\n<p><a href=\"https:\/\/www.unistrapg.it\/node\/3278\">Universit\u00e0 per Stranieri di Perugia <\/a><span class=\"titoloNotizia\"> <a href=\"http:\/\/www.cvcl.it\/\" target=\"_blank\" rel=\"noopener\">\u00a0<\/a> <\/span>(CELI)<\/p>\n<p><a href=\"https:\/\/cils.unistrasi.it\"><span class=\"titoloNotizia\">Universit\u00e0 per Stranieri di Siena<\/span> <\/a>\u00a0(CILS)<\/p>\n<p><a href=\"https:\/\/certificazioneitaliano.uniroma3.it\/\"> <span class=\"titoloNotizia\">Universit\u00e0 degli Studi Roma Tre<\/span> \u00a0<\/a>(CertIT)<\/p>\n<p><a href=\"https:\/\/societadantealighieri.org\/plida\/index.html\">Societ\u00e0 Dante Alighieri<\/a> <span class=\"titoloNotizia\"> <a href=\"http:\/\/www.soc-dante-alighieri.it\/11-plida\/regolamento.htm\" target=\"_blank\" rel=\"noopener\">\u00a0<\/a> <\/span>(PLIDA)<\/p>\n<p>&nbsp;<\/p>\n<p>Vadovaujantis 1992 m. vasario 17 d. \u012estatymu Nr. 204 ir 1993 m. sausio 12 d. sutartimi su Italijos URM, Ital\u0173 kult\u016bros institutas Vilniuje yra sudar\u0119s sutart\u012f su Sienos universitetu u\u017esienie\u010diams d\u0117l <strong>CILS<\/strong> ital\u0173 kalbos sertifikato egzamin\u0173 administravimo.<\/p>\n<p>CILS egzamino sesijos Vilniuje vyksta bir\u017eelio ir gruod\u017eio m\u0117nesiais pagal universiteto nurodyt\u0105 kalendori\u0173. Artimiausias egzaminas &#8211; 2026 m. bir\u017eelio 16 d., registruotis jam galima iki gegu\u017e\u0117s 4 d. D\u0117l registracijos teiraukit\u0117s Instituto kurs\u0173 sekretoriate <a href=\"mailto:corsilingua.iicvilnius@esteri.it\">corsilingua.iicvilnius@esteri.it<\/a><\/p>\n","protected":false},"excerpt":{"rendered":"Ital\u0173 kalbos sertifikatai &#8211; tai dokumentai, kurie pa\u017eymi asmens geb\u0117jim\u0105 komunikuoti ital\u0173 kaip u\u017esienio kalba. Juos gauti gali visi u\u017esienio pilie\u010diai, ne Italijoje gyvenantys Italijos pilie\u010diai (ital\u0173 emigrant\u0173 palikuonys) ir imigrantai Italijoje. Egzaminus laikyti gali visi, n\u0117ra nustatytas joks minimalus i\u0161silavinimo lygis. Kad Ital\u0173 kult\u016bros institutuose visame pasaulyje b\u016bt\u0173 galima laikyti \u0161iuos egzaminus, Italijos u\u017esienio [&hellip;]","protected":false},"author":1,"featured_media":0,"parent":93,"menu_order":4,"comment_status":"closed","ping_status":"closed","template":"","meta":{"footnotes":""},"class_list":["post-96","page","type-page","status-publish","hentry"],"_links":{"self":[{"href":"https:\/\/iicvilnius.esteri.it\/lt\/wp-json\/wp\/v2\/pages\/96","targetHints":{"allow":["GET"]}}],"collection":[{"href":"https:\/\/iicvilnius.esteri.it\/lt\/wp-json\/wp\/v2\/pages"}],"about":[{"href":"https:\/\/iicvilnius.esteri.it\/lt\/wp-json\/wp\/v2\/types\/page"}],"author":[{"embeddable":true,"href":"https:\/\/iicvilnius.esteri.it\/lt\/wp-json\/wp\/v2\/users\/1"}],"replies":[{"embeddable":true,"href":"https:\/\/iicvilnius.esteri.it\/lt\/wp-json\/wp\/v2\/comments?post=96"}],"version-history":[{"count":6,"href":"https:\/\/iicvilnius.esteri.it\/lt\/wp-json\/wp\/v2\/pages\/96\/revisions"}],"predecessor-version":[{"id":2788,"href":"https:\/\/iicvilnius.esteri.it\/lt\/wp-json\/wp\/v2\/pages\/96\/revisions\/2788"}],"up":[{"embeddable":true,"href":"https:\/\/iicvilnius.esteri.it\/lt\/wp-json\/wp\/v2\/pages\/93"}],"wp:attachment":[{"href":"https:\/\/iicvilnius.esteri.it\/lt\/wp-json\/wp\/v2\/media?parent=96"}],"curies":[{"name":"wp","href":"https:\/\/api.w.org\/{rel}","templated":true}]}}