{"id":98,"date":"2023-04-03T20:56:23","date_gmt":"2023-04-03T17:56:23","guid":{"rendered":"https:\/\/iicvilnius.esteri.it\/lingua-e-cultura\/studiare-in-italia\/"},"modified":"2023-08-03T14:28:30","modified_gmt":"2023-08-03T11:28:30","slug":"studiare-in-italia","status":"publish","type":"page","link":"https:\/\/iicvilnius.esteri.it\/lt\/lingua-e-cultura\/studiare-in-italia\/","title":{"rendered":"Studiare in Italia"},"content":{"rendered":"<p class=\"titoloNotizia\" style=\"text-align: center;\"><strong>STUDIJUOTI ITALIJOJE &#8211; STUDENT\u0172 I\u0160 U\u017dSIENIO REGISTRACIJA \u012e ITALIJOS UNIVERSITETUS,\u00a0 2023-2024 M.M.<\/strong><\/p>\n<p>Studentai i\u0161 u\u017esienio, kuriems reikalinga \u012fva\u017eiavimo \u012f Italij\u0105 viza, jau gali atlikti i\u0161ankstin\u0119 registracij\u0105 \u012f Italijos auk\u0161tojo mokslo institucijas portale <a href=\"https:\/\/www.universitaly.it\/\">Universitaly<\/a>. \u010cia taip pat galima rasti vis\u0105 informacij\u0105 apie \u012fva\u017eiavimo \u012f Italij\u0105, gyvenimo, registracijos mokslo \u012fstaigoje bei svetur \u012fgyt\u0173 diplom\u0173 pripa\u017einimo proced\u016bras 2023\/2024 m.m. bei atitinkamus dokumentus. Agent\u016bra Uni-Italia gali pad\u0117ti susiorientuoti studij\u0173 pasi\u016bloje bei pad\u0117ti sutvarkyti i\u0161ankstin\u0117s registracijos proced\u016bras portale Universitaly, jiems ra\u0161ykite adresu: <a href=\"mailto:info@uni-italia.it\">info@uni-italia.it<\/a> .<\/p>\n<hr \/>\n<p>&nbsp;<\/p>\n<p><strong>UNIVERSITETAI, MENO AKADEMIJOS IR KONSERVATORIJOS<br \/>\n<\/strong><\/p>\n<p>Bendr\u0105 informacij\u0105 apie Italijos universitet\u0173, akademij\u0173 ir konservatorij\u0173 organizacij\u0105 ir veikl\u0105 galima rasti Italijos \u0160vietimo ir mokslo ministerijos interneto svetain\u0117je: <a href=\"https:\/\/www.mur.gov.it\/it\"><strong>Ministero dell\u2019Universit\u00e0 e della Ricerca (MUR)<\/strong>.<\/a><\/p>\n<p><strong>Student\u0173 u\u017esienie\u010di\u0173 registracija<br \/>\n<\/strong><\/p>\n<p>Studentai i\u0161 kit\u0173 \u0161ali\u0173, norintys studijuoti Italijos auk\u0161tosiose mokyklose, naudingos informacijos gali rasti \u0161iuose portaluose: <a href=\"https:\/\/www.universitaly.it\/\">Universitaly<\/a> ir <a href=\"https:\/\/studyinitaly.esteri.it\/\">StudyinItaly<\/a><\/p>\n<p>Ie\u0161kodami, <strong>kur gyventi<\/strong>, studentai gali kreiptis \u012f savo universitetus ir pra\u0161yti bendrabu\u010dio (residenze universitarie della CCU), kurio kainos ir kokyb\u0117s santykis yra gan\u0117tinai neblogas; juos galima rasti 14-oje Italijos miest\u0173.<br \/>\nTaip pat galima kreiptis ir \u012f RUI fond\u0105 (<a href=\"http:\/\/www.fondazionerui.it\">www.fondazionerui.it<\/a> ) ar Camplus (<a href=\"http:\/\/www.camplus.it\">www.camplus.it<\/a> ), kurie irgi teikia apgyvendinimo paslaugas studentams.<\/p>\n<p><em>Ital\u0173 kult\u016bros institutas ir Italijos URM neprisiima atsakomyb\u0117s u\u017e galimus nepatogumus ar \u017eal\u0105, pasirinkus vien\u0105 i\u0161 auk\u0161\u010diau pamin\u0117t\u0173 bendrabu\u010di\u0173. <\/em><\/p>\n","protected":false},"excerpt":{"rendered":"STUDIJUOTI ITALIJOJE &#8211; STUDENT\u0172 I\u0160 U\u017dSIENIO REGISTRACIJA \u012e ITALIJOS UNIVERSITETUS,\u00a0 2023-2024 M.M. Studentai i\u0161 u\u017esienio, kuriems reikalinga \u012fva\u017eiavimo \u012f Italij\u0105 viza, jau gali atlikti i\u0161ankstin\u0119 registracij\u0105 \u012f Italijos auk\u0161tojo mokslo institucijas portale Universitaly. \u010cia taip pat galima rasti vis\u0105 informacij\u0105 apie \u012fva\u017eiavimo \u012f Italij\u0105, gyvenimo, registracijos mokslo \u012fstaigoje bei svetur \u012fgyt\u0173 diplom\u0173 pripa\u017einimo proced\u016bras 2023\/2024 [&hellip;]","protected":false},"author":1,"featured_media":0,"parent":93,"menu_order":8,"comment_status":"closed","ping_status":"closed","template":"","meta":{"footnotes":""},"class_list":["post-98","page","type-page","status-publish","hentry"],"_links":{"self":[{"href":"https:\/\/iicvilnius.esteri.it\/lt\/wp-json\/wp\/v2\/pages\/98","targetHints":{"allow":["GET"]}}],"collection":[{"href":"https:\/\/iicvilnius.esteri.it\/lt\/wp-json\/wp\/v2\/pages"}],"about":[{"href":"https:\/\/iicvilnius.esteri.it\/lt\/wp-json\/wp\/v2\/types\/page"}],"author":[{"embeddable":true,"href":"https:\/\/iicvilnius.esteri.it\/lt\/wp-json\/wp\/v2\/users\/1"}],"replies":[{"embeddable":true,"href":"https:\/\/iicvilnius.esteri.it\/lt\/wp-json\/wp\/v2\/comments?post=98"}],"version-history":[{"count":8,"href":"https:\/\/iicvilnius.esteri.it\/lt\/wp-json\/wp\/v2\/pages\/98\/revisions"}],"predecessor-version":[{"id":225,"href":"https:\/\/iicvilnius.esteri.it\/lt\/wp-json\/wp\/v2\/pages\/98\/revisions\/225"}],"up":[{"embeddable":true,"href":"https:\/\/iicvilnius.esteri.it\/lt\/wp-json\/wp\/v2\/pages\/93"}],"wp:attachment":[{"href":"https:\/\/iicvilnius.esteri.it\/lt\/wp-json\/wp\/v2\/media?parent=98"}],"curies":[{"name":"wp","href":"https:\/\/api.w.org\/{rel}","templated":true}]}}